{"id":18,"date":"2023-12-15T12:56:38","date_gmt":"2023-12-15T11:56:38","guid":{"rendered":"https:\/\/cabinetstie.com\/?page_id=18"},"modified":"2024-01-29T16:33:06","modified_gmt":"2024-01-29T15:33:06","slug":"histoire-du-cabinet","status":"publish","type":"page","link":"https:\/\/cabinetstie.com\/index.php\/histoire-du-cabinet\/","title":{"rendered":"HISTOIRE DU CABINET"},"content":{"rendered":"<p>[et_pb_section fb_built=&#8221;1&#8243; admin_label=&#8221;section&#8221; _builder_version=&#8221;4.18.0&#8243; background_image=&#8221;https:\/\/cabinetstie.com\/wp-content\/uploads\/2023\/12\/maquette-site-stie.jpg&#8221; custom_padding=&#8221;||73px|||&#8221; global_colors_info=&#8221;{}&#8221;][et_pb_row custom_padding_last_edited=&#8221;on|phone&#8221; _builder_version=&#8221;4.18.0&#8243; _module_preset=&#8221;default&#8221; custom_margin=&#8221;317px|auto||auto||&#8221; custom_margin_tablet=&#8221;317px|auto||auto||&#8221; custom_margin_phone=&#8221;49px||-7px||false|false&#8221; custom_margin_last_edited=&#8221;on|phone&#8221; custom_padding_tablet=&#8221;&#8221; custom_padding_phone=&#8221;||0px||false|false&#8221; global_colors_info=&#8221;{}&#8221;][et_pb_column type=&#8221;4_4&#8243; _builder_version=&#8221;4.18.0&#8243; _module_preset=&#8221;default&#8221; global_colors_info=&#8221;{}&#8221;][et_pb_text _builder_version=&#8221;4.18.0&#8243; _module_preset=&#8221;default&#8221; text_font=&#8221;Cormorant Garamond|||on|||||&#8221; text_text_color=&#8221;#FFFFFF&#8221; text_font_size=&#8221;85px&#8221; custom_margin=&#8221;||44px|||&#8221; text_font_size_tablet=&#8221;63px&#8221; text_font_size_phone=&#8221;32px&#8221; text_font_size_last_edited=&#8221;on|tablet&#8221; text_orientation_tablet=&#8221;&#8221; text_orientation_phone=&#8221;center&#8221; text_orientation_last_edited=&#8221;on|phone&#8221; global_colors_info=&#8221;{}&#8221;]<\/p>\n<p><span class=\"OYPEnA text-decoration-none text-strikethrough-none\">qui sommes nous ?<\/span><\/p>\n<p>[\/et_pb_text][et_pb_button button_url=&#8221;https:\/\/cabinetstie.com\/index.php\/contact\/&#8221; button_text=&#8221;nous contacter&#8221; button_alignment_tablet=&#8221;&#8221; button_alignment_phone=&#8221;center&#8221; button_alignment_last_edited=&#8221;on|phone&#8221; _builder_version=&#8221;4.18.0&#8243; _module_preset=&#8221;default&#8221; custom_button=&#8221;on&#8221; button_text_color=&#8221;#FFFFFF&#8221; button_bg_color=&#8221;#deb23f&#8221; button_border_width=&#8221;0px&#8221; button_border_color=&#8221;RGBA(255,255,255,0)&#8221; button_font=&#8221;Cormorant Garamond|||on|||||&#8221; hover_enabled=&#8221;0&#8243; global_colors_info=&#8221;{}&#8221; sticky_enabled=&#8221;0&#8243;][\/et_pb_button][\/et_pb_column][\/et_pb_row][\/et_pb_section][et_pb_section fb_built=&#8221;1&#8243; _builder_version=&#8221;4.18.0&#8243; _module_preset=&#8221;default&#8221; global_colors_info=&#8221;{}&#8221;][et_pb_row _builder_version=&#8221;4.18.0&#8243; _module_preset=&#8221;default&#8221; global_colors_info=&#8221;{}&#8221;][et_pb_column type=&#8221;4_4&#8243; _builder_version=&#8221;4.18.0&#8243; _module_preset=&#8221;default&#8221; global_colors_info=&#8221;{}&#8221;][et_pb_text _builder_version=&#8221;4.18.0&#8243; _module_preset=&#8221;default&#8221; text_font=&#8221;Cormorant Garamond|||on|||||&#8221; text_text_color=&#8221;#000000&#8243; text_font_size=&#8221;44px&#8221; border_width_left=&#8221;3px&#8221; border_color_left=&#8221;#deb23f&#8221; global_colors_info=&#8221;{}&#8221;]<\/p>\n<p>\u00a0L&#8217;equipe<\/p>\n<p>[\/et_pb_text][et_pb_text _builder_version=&#8221;4.18.0&#8243; _module_preset=&#8221;default&#8221; text_font=&#8221;Cormorant Garamond|||on|||||&#8221; text_text_color=&#8221;#000000&#8243; text_font_size=&#8221;22px&#8221; custom_margin=&#8221;89px|||||&#8221; custom_margin_tablet=&#8221;45px||||false|false&#8221; custom_margin_phone=&#8221;45px||||false|false&#8221; custom_margin_last_edited=&#8221;on|tablet&#8221; custom_padding_tablet=&#8221;&#8221; custom_padding_phone=&#8221;&#8221; custom_padding_last_edited=&#8221;on|tablet&#8221; text_font_size_tablet=&#8221;22px&#8221; text_font_size_phone=&#8221;15px&#8221; text_font_size_last_edited=&#8221;on|phone&#8221; global_colors_info=&#8221;{}&#8221;]<\/p>\n<p style=\"text-align: justify;\">Bienvenue au Cabinet STIE &#8211; Services Transfrontaliers d&#8217;Investissements et d&#8217;Expertises.<\/p>\n<p>[\/et_pb_text][et_pb_image src=&#8221;https:\/\/cabinetstie.com\/wp-content\/uploads\/2023\/12\/1a30d702-267c-4a43-8a6e-d9afc1c9be46.jpg&#8221; title_text=&#8221;1a30d702-267c-4a43-8a6e-d9afc1c9be46&#8243; disabled_on=&#8221;off|on|on&#8221; _builder_version=&#8221;4.18.0&#8243; _module_preset=&#8221;default&#8221; global_colors_info=&#8221;{}&#8221;][\/et_pb_image][et_pb_text disabled_on=&#8221;off|on|on&#8221; _builder_version=&#8221;4.18.0&#8243; _module_preset=&#8221;default&#8221; text_font=&#8221;Cormorant Garamond|||on|||||&#8221; text_text_color=&#8221;#000000&#8243; text_font_size=&#8221;17px&#8221; global_colors_info=&#8221;{}&#8221;]<\/p>\n<p style=\"text-align: center;\"><span><b>Stella Djorbaye\u00a0<br \/><\/b><\/span><span><b>Fondatrice du Cabinet STIE<\/b><\/span><\/p>\n<p>[\/et_pb_text][\/et_pb_column][\/et_pb_row][et_pb_row column_structure=&#8221;1_2,1_2&#8243; _builder_version=&#8221;4.18.0&#8243; _module_preset=&#8221;default&#8221; custom_margin_tablet=&#8221;&#8221; custom_margin_phone=&#8221;-25px||||false|false&#8221; custom_margin_last_edited=&#8221;on|phone&#8221; global_colors_info=&#8221;{}&#8221;][et_pb_column type=&#8221;1_2&#8243; _builder_version=&#8221;4.18.0&#8243; _module_preset=&#8221;default&#8221; global_colors_info=&#8221;{}&#8221;][et_pb_text _builder_version=&#8221;4.18.0&#8243; _module_preset=&#8221;default&#8221; text_font=&#8221;Cormorant Garamond|||on|||||&#8221; text_text_color=&#8221;#000000&#8243; text_font_size=&#8221;19px&#8221; custom_margin=&#8221;57px|||||&#8221; custom_margin_tablet=&#8221;57px|||||&#8221; custom_margin_phone=&#8221;0px||||false|false&#8221; custom_margin_last_edited=&#8221;on|phone&#8221; global_colors_info=&#8221;{}&#8221;]<\/p>\n<p><span><b>Notre Histoire Commence par la V\u00f4tre<\/b><\/span><\/p>\n<p>[\/et_pb_text][et_pb_text _builder_version=&#8221;4.18.0&#8243; _module_preset=&#8221;default&#8221; text_font=&#8221;Cormorant Garamond|600|||||||&#8221; text_text_color=&#8221;#000000&#8243; hover_enabled=&#8221;0&#8243; global_colors_info=&#8221;{}&#8221; sticky_enabled=&#8221;0&#8243;]<\/p>\n<p style=\"text-align: justify;\">Il \u00e9tait une fois un parcours sinueux, fait d&#8217;aspirations, de r\u00eaves, mais surtout de fronti\u00e8res. La rencontre entre le r\u00eave d&#8217;investir et les barri\u00e8res juridiques a \u00e9t\u00e9 le fil conducteur de ma vie. Arm\u00e9e d\u2019une solide formation en droit notarial et apr\u00e8s 18 ans d&#8217;une carri\u00e8re passionn\u00e9e dans les \u00e9tudes notariales de PARIS (France), j&#8217;ai d\u00e9cid\u00e9 de cr\u00e9er le Cabinet STIE en mars 2023, avec l&#8217;ambition profonde de transformer principalement les r\u00eaves des non-r\u00e9sidents en r\u00e9alit\u00e9 ; mais \u00e9galement d\u2019offrir, aux r\u00e9sidents fran\u00e7ais, un packaging de prise en charge complet pour la r\u00e9alisation de leurs investissements en France et en Afrique.<\/p>\n<p>[\/et_pb_text][et_pb_text _builder_version=&#8221;4.18.0&#8243; _module_preset=&#8221;default&#8221; text_font=&#8221;Cormorant Garamond|||on|||||&#8221; text_text_color=&#8221;#000000&#8243; text_font_size=&#8221;19px&#8221; global_colors_info=&#8221;{}&#8221;]<\/p>\n<p><span><b>Les Fronti\u00e8res Ne Devraient Pas Limiter Vos R\u00eaves<\/b><\/span><\/p>\n<p>[\/et_pb_text][et_pb_text _builder_version=&#8221;4.18.0&#8243; _module_preset=&#8221;default&#8221; text_font=&#8221;Cormorant Garamond|600|||||||&#8221; text_text_color=&#8221;#000000&#8243; global_colors_info=&#8221;{}&#8221;]<\/p>\n<p style=\"text-align: justify;\">Vivre \u00e0 la crois\u00e9e de deux mondes, c&#8217;est souvent une aventure pleine de d\u00e9fis. En tant que fondatrice du Cabinet STIE et membre de la diaspora, j&#8217;ai ressenti les difficult\u00e9s auxquelles font face ceux qui souhaitent investir \u00e0 la fois en France et dans leurs pays d\u2019origine, notamment en Afrique. La complexit\u00e9 des d\u00e9marches juridiques, les incertitudes, les distances g\u00e9ographiques, le manque de personnes de confiance ou de personnes disposant de temps \u00e0 consacrer au<span class=\"Apple-converted-space\">\u00a0 <\/span>pilotage de son projet\u00a0; tout cela peut rendre le r\u00eave d&#8217;investir dans un autre pays que celui dans lequel on r\u00e9side, presque inatteignable.<\/p>\n<p>[\/et_pb_text][et_pb_text _builder_version=&#8221;4.18.0&#8243; _module_preset=&#8221;default&#8221; text_font=&#8221;Cormorant Garamond|||on|||||&#8221; text_text_color=&#8221;#000000&#8243; text_font_size=&#8221;19px&#8221; global_colors_info=&#8221;{}&#8221;]<\/p>\n<p><span><b>Le Cabinet STIE &#8211; Votre Alli\u00e9 Transfrontalier<\/b><\/span><\/p>\n<p>[\/et_pb_text][et_pb_text _builder_version=&#8221;4.18.0&#8243; _module_preset=&#8221;default&#8221; text_font=&#8221;Cormorant Garamond|600|||||||&#8221; text_text_color=&#8221;#000000&#8243; global_colors_info=&#8221;{}&#8221;]<\/p>\n<p style=\"text-align: justify;\">Au Cabinet STIE, nous comprenons les pr\u00e9occupations qui vous accompagnent lorsque vous explorez l&#8217;id\u00e9e d&#8217;investir dans un pays \u00e9loign\u00e9. C&#8217;est pourquoi nous ne sommes pas simplement un cabinet juridique, nous sommes votre alli\u00e9 transfrontalier. Imaginez un endroit o\u00f9 chaque barri\u00e8re juridique est lev\u00e9e, o\u00f9 chaque obstacle devient une opportunit\u00e9, et o\u00f9 chaque r\u00eave d&#8217;investissement prend forme parce qu\u2019une structure ma\u00eetrisant les aspects juridiques,<span class=\"Apple-converted-space\">\u00a0 <\/span>enti\u00e8rement d\u00e9di\u00e9e \u00e0 votre projet se charge de le piloter de A \u00e0 Z.<\/p>\n<p>[\/et_pb_text][et_pb_text _builder_version=&#8221;4.18.0&#8243; _module_preset=&#8221;default&#8221; text_font=&#8221;Cormorant Garamond|||on|||||&#8221; text_text_color=&#8221;#000000&#8243; text_font_size=&#8221;19px&#8221; global_colors_info=&#8221;{}&#8221;]<\/p>\n<p><span><b>Au-Del\u00e0 des Fronti\u00e8res, des Solutions<\/b><\/span><\/p>\n<p>[\/et_pb_text][et_pb_text _builder_version=&#8221;4.18.0&#8243; _module_preset=&#8221;default&#8221; text_font=&#8221;Cormorant Garamond|600|||||||&#8221; text_text_color=&#8221;#000000&#8243; global_colors_info=&#8221;{}&#8221;]<\/p>\n<p style=\"text-align: justify;\">L&#8217;investissement, en particulier immobilier, peut \u00eatre le pont qui relie vos deux mondes. Que vous soyez un non-r\u00e9sident cherchant \u00e0 investir en France ou en Afrique, ou que vous souhaitiez cr\u00e9er un lien tangible entre votre vie en France et votre pays d&#8217;origine en cr\u00e9ant une soci\u00e9t\u00e9 ou une succursale, nous sommes l\u00e0 pour vous guider. Le Cabinet STIE offre bien plus que des services juridiques, nous vous proposons des solutions pour transformer vos aspirations en r\u00e9alit\u00e9.<\/p>\n<p>[\/et_pb_text][\/et_pb_column][et_pb_column type=&#8221;1_2&#8243; _builder_version=&#8221;4.18.0&#8243; _module_preset=&#8221;default&#8221; global_colors_info=&#8221;{}&#8221;][et_pb_image src=&#8221;https:\/\/cabinetstie.com\/wp-content\/uploads\/2023\/12\/1a30d702-267c-4a43-8a6e-d9afc1c9be46.jpg&#8221; title_text=&#8221;1a30d702-267c-4a43-8a6e-d9afc1c9be46&#8243; disabled_on=&#8221;on|off|off&#8221; _builder_version=&#8221;4.18.0&#8243; _module_preset=&#8221;default&#8221; global_colors_info=&#8221;{}&#8221;][\/et_pb_image][et_pb_text disabled_on=&#8221;on|off|off&#8221; _builder_version=&#8221;4.18.0&#8243; _module_preset=&#8221;default&#8221; text_font=&#8221;Cormorant Garamond|||on|||||&#8221; text_text_color=&#8221;#000000&#8243; text_font_size=&#8221;17px&#8221; global_colors_info=&#8221;{}&#8221;]<\/p>\n<p><span><b>Stella Djorbaye &#8211; Fondatrice du Cabinet STIE<\/b><\/span><\/p>\n<p>[\/et_pb_text][et_pb_text _builder_version=&#8221;4.18.0&#8243; _module_preset=&#8221;default&#8221; text_font=&#8221;Cormorant Garamond|||on|||||&#8221; text_text_color=&#8221;#000000&#8243; text_font_size=&#8221;19px&#8221; global_colors_info=&#8221;{}&#8221;]<\/p>\n<p style=\"text-align: justify;\"><span><b>Cabinet STIE \u2013 \u00ab\u00a0Chaque investissement a une histoire, \u00e9crivons la v\u00f4tre\u00a0\u00bb<\/b><\/span><\/p>\n<p>[\/et_pb_text][et_pb_text _builder_version=&#8221;4.18.0&#8243; _module_preset=&#8221;default&#8221; text_font=&#8221;Cormorant Garamond|600|||||||&#8221; text_text_color=&#8221;#000000&#8243; hover_enabled=&#8221;0&#8243; global_colors_info=&#8221;{}&#8221; sticky_enabled=&#8221;0&#8243;]<\/p>\n<p style=\"text-align: justify;\">Votre histoire est unique. Au Cabinet \u00a0STIE, nous la traitons avec la d\u00e9licatesse qu&#8217;elle m\u00e9rite. Chaque d\u00e9marche, chaque document, chaque d\u00e9tail est pris en charge tenant compte des sp\u00e9cificit\u00e9s de votre situation avec un engagement in\u00e9branlable envers votre succ\u00e8s. Confiez votre projet d\u2019investissements au Cabinet STIE, o\u00f9 nous comprenons les r\u00eaves qui d\u00e9passent les fronti\u00e8res, et o\u00f9 nous transformons les d\u00e9fis en opportunit\u00e9s pour que vous puissiez vivre la vie que vous imaginez.<\/p>\n<p>[\/et_pb_text][\/et_pb_column][\/et_pb_row][\/et_pb_section]<\/p>\n","protected":false},"excerpt":{"rendered":"<p>qui sommes nous ?\u00a0L&#8217;equipeBienvenue au Cabinet STIE &#8211; Services Transfrontaliers d&#8217;Investissements et d&#8217;Expertises.Stella Djorbaye\u00a0Fondatrice du Cabinet STIENotre Histoire Commence par la V\u00f4treIl \u00e9tait une fois un parcours sinueux, fait d&#8217;aspirations, de r\u00eaves, mais surtout de fronti\u00e8res. La rencontre entre le r\u00eave d&#8217;investir et les barri\u00e8res juridiques a \u00e9t\u00e9 le fil conducteur de ma vie. Arm\u00e9e [&hellip;]<\/p>\n","protected":false},"author":1,"featured_media":0,"parent":0,"menu_order":0,"comment_status":"closed","ping_status":"closed","template":"","meta":{"_et_pb_use_builder":"on","_et_pb_old_content":"<!-- wp:divi\/placeholder \/-->","_et_gb_content_width":"","footnotes":""},"class_list":["post-18","page","type-page","status-publish","hentry"],"_links":{"self":[{"href":"https:\/\/cabinetstie.com\/index.php\/wp-json\/wp\/v2\/pages\/18","targetHints":{"allow":["GET"]}}],"collection":[{"href":"https:\/\/cabinetstie.com\/index.php\/wp-json\/wp\/v2\/pages"}],"about":[{"href":"https:\/\/cabinetstie.com\/index.php\/wp-json\/wp\/v2\/types\/page"}],"author":[{"embeddable":true,"href":"https:\/\/cabinetstie.com\/index.php\/wp-json\/wp\/v2\/users\/1"}],"replies":[{"embeddable":true,"href":"https:\/\/cabinetstie.com\/index.php\/wp-json\/wp\/v2\/comments?post=18"}],"version-history":[{"count":39,"href":"https:\/\/cabinetstie.com\/index.php\/wp-json\/wp\/v2\/pages\/18\/revisions"}],"predecessor-version":[{"id":1154,"href":"https:\/\/cabinetstie.com\/index.php\/wp-json\/wp\/v2\/pages\/18\/revisions\/1154"}],"wp:attachment":[{"href":"https:\/\/cabinetstie.com\/index.php\/wp-json\/wp\/v2\/media?parent=18"}],"curies":[{"name":"wp","href":"https:\/\/api.w.org\/{rel}","templated":true}]}}