{"id":28,"date":"2023-12-15T12:56:27","date_gmt":"2023-12-15T11:56:27","guid":{"rendered":"https:\/\/cabinetstie.com\/?page_id=28"},"modified":"2024-01-29T16:50:52","modified_gmt":"2024-01-29T15:50:52","slug":"services-complementaires","status":"publish","type":"page","link":"https:\/\/cabinetstie.com\/index.php\/services-complementaires\/","title":{"rendered":"SERVICES COMPL\u00c9MENTAIRES"},"content":{"rendered":"<p>[et_pb_section fb_built=&#8221;1&#8243; _builder_version=&#8221;4.18.0&#8243; _module_preset=&#8221;default&#8221; background_image=&#8221;https:\/\/cabinetstie.com\/wp-content\/uploads\/2023\/12\/CF-GCV.jpg&#8221; custom_padding=&#8221;||60px|||&#8221; global_colors_info=&#8221;{}&#8221;][et_pb_row custom_padding_last_edited=&#8221;on|phone&#8221; _builder_version=&#8221;4.18.0&#8243; _module_preset=&#8221;default&#8221; custom_margin=&#8221;207px|auto||auto||&#8221; custom_margin_tablet=&#8221;207px|auto||auto||&#8221; custom_margin_phone=&#8221;69px||||false|false&#8221; custom_margin_last_edited=&#8221;on|phone&#8221; custom_padding_tablet=&#8221;&#8221; custom_padding_phone=&#8221;||18px||false|false&#8221; global_colors_info=&#8221;{}&#8221;][et_pb_column type=&#8221;4_4&#8243; _builder_version=&#8221;4.18.0&#8243; _module_preset=&#8221;default&#8221; global_colors_info=&#8221;{}&#8221;][et_pb_text _builder_version=&#8221;4.18.0&#8243; _module_preset=&#8221;default&#8221; text_font=&#8221;Cormorant Garamond|||on|||||&#8221; text_text_color=&#8221;#FFFFFF&#8221; text_font_size=&#8221;85px&#8221; text_line_height=&#8221;1em&#8221; custom_margin=&#8221;||24px|||&#8221; text_font_size_tablet=&#8221;85px&#8221; text_font_size_phone=&#8221;33px&#8221; text_font_size_last_edited=&#8221;on|phone&#8221; text_orientation_tablet=&#8221;&#8221; text_orientation_phone=&#8221;center&#8221; text_orientation_last_edited=&#8221;on|phone&#8221; global_colors_info=&#8221;{}&#8221;]<\/p>\n<p>services compl\u00e9mentaires<\/p>\n<p>[\/et_pb_text][et_pb_button button_url=&#8221;https:\/\/cabinetstie.com\/index.php\/contact\/&#8221; button_text=&#8221;nous contacter&#8221; button_alignment_tablet=&#8221;&#8221; button_alignment_phone=&#8221;center&#8221; button_alignment_last_edited=&#8221;on|phone&#8221; _builder_version=&#8221;4.18.0&#8243; _module_preset=&#8221;default&#8221; custom_button=&#8221;on&#8221; button_text_color=&#8221;#FFFFFF&#8221; button_bg_color=&#8221;#deb23f&#8221; button_border_width=&#8221;0px&#8221; button_border_color=&#8221;RGBA(255,255,255,0)&#8221; button_font=&#8221;Cormorant Garamond|||on|||||&#8221; hover_enabled=&#8221;0&#8243; global_colors_info=&#8221;{}&#8221; sticky_enabled=&#8221;0&#8243;][\/et_pb_button][\/et_pb_column][\/et_pb_row][\/et_pb_section][et_pb_section fb_built=&#8221;1&#8243; _builder_version=&#8221;4.18.0&#8243; _module_preset=&#8221;default&#8221; custom_padding=&#8221;37px||47px|||&#8221; global_colors_info=&#8221;{}&#8221;][et_pb_row _builder_version=&#8221;4.18.0&#8243; _module_preset=&#8221;default&#8221; global_colors_info=&#8221;{}&#8221;][et_pb_column type=&#8221;4_4&#8243; _builder_version=&#8221;4.18.0&#8243; _module_preset=&#8221;default&#8221; global_colors_info=&#8221;{}&#8221;][et_pb_text _builder_version=&#8221;4.18.0&#8243; _module_preset=&#8221;default&#8221; text_font=&#8221;Cormorant Garamond||||||||&#8221; text_text_color=&#8221;#000000&#8243; text_font_size=&#8221;18px&#8221; text_orientation=&#8221;center&#8221; global_colors_info=&#8221;{}&#8221;]<\/p>\n<p style=\"text-align: justify;\"><span>Simplifiez votre quotidien en confiant vos formalit\u00e9s administratives \u00e0 notre expertise. Nous prenons en charge les proc\u00e9dures fastidieuses, assurant une conformit\u00e9 totale et lib\u00e9rant votre temps pr\u00e9cieux pour vous concentrer sur le d\u00e9veloppement de votre entreprise. Avec notre assistance, naviguez sans stress \u00e0 travers les obligations administratives et consacrez-vous pleinement \u00e0 la croissance de votre activit\u00e9.<\/span><\/p>\n<p>[\/et_pb_text][\/et_pb_column][\/et_pb_row][\/et_pb_section][et_pb_section fb_built=&#8221;1&#8243; _builder_version=&#8221;4.18.0&#8243; _module_preset=&#8221;default&#8221; background_color=&#8221;#327a7b&#8221; custom_padding=&#8221;5px||0px|||&#8221; border_width_bottom=&#8221;8px&#8221; border_color_bottom=&#8221;#FFFFFF&#8221; global_colors_info=&#8221;{}&#8221;][et_pb_row column_structure=&#8221;1_2,1_2&#8243; _builder_version=&#8221;4.18.0&#8243; _module_preset=&#8221;default&#8221; global_colors_info=&#8221;{}&#8221;][et_pb_column type=&#8221;1_2&#8243; _builder_version=&#8221;4.18.0&#8243; _module_preset=&#8221;default&#8221; global_colors_info=&#8221;{}&#8221;][et_pb_text _builder_version=&#8221;4.18.0&#8243; _module_preset=&#8221;default&#8221; text_font=&#8221;Cormorant Garamond|||on|||||&#8221; text_text_color=&#8221;#deb23f&#8221; text_font_size=&#8221;27px&#8221; text_font_size_tablet=&#8221;27px&#8221; text_font_size_phone=&#8221;19px&#8221; text_font_size_last_edited=&#8221;on|phone&#8221; global_colors_info=&#8221;{}&#8221;]<\/p>\n<p>Audit et conseil juridique sur l&#8217;organisation du patrimoine<\/p>\n<p>[\/et_pb_text][et_pb_text _builder_version=&#8221;4.18.0&#8243; _module_preset=&#8221;default&#8221; text_font=&#8221;Cormorant Garamond||||||||&#8221; text_text_color=&#8221;#FFFFFF&#8221; text_font_size=&#8221;18px&#8221; global_colors_info=&#8221;{}&#8221;]<\/p>\n<p style=\"text-align: justify;\">D\u00e9couvrez nos services d&#8217;audit sp\u00e9cialis\u00e9s et de conseils juridiques personnalis\u00e9s pour optimiser et s\u00e9curiser la gestion de votre patrimoine. Notre \u00e9quipe de professionnels du droit vous accompagne dans la planification strat\u00e9gique, la protection successorale et la gestion fiscale, assurant ainsi la p\u00e9rennit\u00e9 de votre patrimoine familial et financier.<\/p>\n<p style=\"text-align: justify;\">Que vous cherchiez \u00e0 optimiser la gestion de vos biens, \u00e0 assurer une planification successorale efficace ou \u00e0 naviguer dans les aspects complexes de la fiscalit\u00e9 patrimoniale, notre \u00e9quipe qualifi\u00e9e est l\u00e0 pour vous guider. Nous mettons l&#8217;accent sur la protection et la croissance de votre patrimoine, en veillant \u00e0 ce que vos choix juridiques soient align\u00e9s sur vos objectifs financiers et familiaux (conseils en r\u00e9daction de testament, donation, d\u00e9membrement de propri\u00e9t\u00e9, cr\u00e9ation de soci\u00e9t\u00e9, procuration internationale, suivi des dossiers de successions chez le notaire, suivi de proc\u00e9dure d\u2019adoption, etc\u2026.).<\/p>\n<p style=\"text-align: justify;\">Faites confiance \u00e0 notre expertise pour assurer la p\u00e9rennit\u00e9 de votre patrimoine. Nos conseils \u00e9clair\u00e9s vous permettront de prendre des d\u00e9cisions inform\u00e9es et strat\u00e9giques, garantissant une gestion efficiente et s\u00e9curis\u00e9e de votre patrimoine familial et financier. \u00bb<\/p>\n<p style=\"text-align: justify;\">[\/et_pb_text][\/et_pb_column][et_pb_column type=&#8221;1_2&#8243; _builder_version=&#8221;4.18.0&#8243; _module_preset=&#8221;default&#8221; global_colors_info=&#8221;{}&#8221;][et_pb_image src=&#8221;https:\/\/cabinetstie.com\/wp-content\/uploads\/2023\/12\/BN.jpg&#8221; title_text=&#8221;BN,.:,&#8221; align=&#8221;center&#8221; force_fullwidth=&#8221;on&#8221; _builder_version=&#8221;4.18.0&#8243; _module_preset=&#8221;default&#8221; custom_margin=&#8221;101px||||false|false&#8221; custom_margin_tablet=&#8221;34px||||false|false&#8221; custom_margin_phone=&#8221;5px||||false|false&#8221; custom_margin_last_edited=&#8221;on|desktop&#8221; custom_padding_tablet=&#8221;&#8221; custom_padding_phone=&#8221;&#8221; custom_padding_last_edited=&#8221;on|desktop&#8221; global_colors_info=&#8221;{}&#8221;][\/et_pb_image][et_pb_button button_url=&#8221;https:\/\/cabinetstie.com\/index.php\/contact\/&#8221; button_text=&#8221;nous contacter &#8221; button_alignment_tablet=&#8221;&#8221; button_alignment_phone=&#8221;center&#8221; button_alignment_last_edited=&#8221;on|phone&#8221; _builder_version=&#8221;4.18.0&#8243; _module_preset=&#8221;default&#8221; custom_button=&#8221;on&#8221; button_text_color=&#8221;#FFFFFF&#8221; button_bg_color=&#8221;#deb23f&#8221; button_border_width=&#8221;0px&#8221; button_border_color=&#8221;RGBA(255,255,255,0)&#8221; button_font=&#8221;Cormorant Garamond|||on|||||&#8221; hover_enabled=&#8221;0&#8243; global_colors_info=&#8221;{}&#8221; sticky_enabled=&#8221;0&#8243;][\/et_pb_button][\/et_pb_column][\/et_pb_row][\/et_pb_section][et_pb_section fb_built=&#8221;1&#8243; custom_padding_last_edited=&#8221;on|phone&#8221; disabled_on=&#8221;on|off|off&#8221; _builder_version=&#8221;4.18.0&#8243; _module_preset=&#8221;default&#8221; background_image=&#8221;https:\/\/cabinetstie.com\/wp-content\/uploads\/2023\/12\/BKNIKJ-scaled.jpg&#8221; custom_margin=&#8221;-7px||||false|false&#8221; custom_margin_tablet=&#8221;8px|||||&#8221; custom_margin_phone=&#8221;-8px||||false|false&#8221; custom_margin_last_edited=&#8221;on|phone&#8221; custom_padding=&#8221;181px||1px|||&#8221; custom_padding_tablet=&#8221;181px||1px|||&#8221; custom_padding_phone=&#8221;144px||||false|false&#8221; global_colors_info=&#8221;{}&#8221;][et_pb_row column_structure=&#8221;1_2,1_2&#8243; _builder_version=&#8221;4.18.0&#8243; _module_preset=&#8221;default&#8221; custom_margin=&#8221;-57px|auto|-18px|auto||&#8221; global_colors_info=&#8221;{}&#8221;][et_pb_column type=&#8221;1_2&#8243; _builder_version=&#8221;4.18.0&#8243; _module_preset=&#8221;default&#8221; global_colors_info=&#8221;{}&#8221;][et_pb_image src=&#8221;https:\/\/cabinetstie.com\/wp-content\/uploads\/2024\/01\/bhkvbl.png&#8221; title_text=&#8221;, bhkvbl&#8221; force_fullwidth=&#8221;on&#8221; disabled_on=&#8221;on|off|off&#8221; _builder_version=&#8221;4.18.0&#8243; _module_preset=&#8221;default&#8221; custom_margin=&#8221;-37px|||||&#8221; custom_padding=&#8221;||0px|||&#8221; global_colors_info=&#8221;{}&#8221;][\/et_pb_image][\/et_pb_column][et_pb_column type=&#8221;1_2&#8243; _builder_version=&#8221;4.18.0&#8243; _module_preset=&#8221;default&#8221; global_colors_info=&#8221;{}&#8221;][et_pb_text _builder_version=&#8221;4.18.0&#8243; _module_preset=&#8221;default&#8221; text_font=&#8221;Cormorant Garamond|||on|||||&#8221; text_text_color=&#8221;#327a7b&#8221; text_font_size=&#8221;19px&#8221; custom_margin=&#8221;-101px|||||&#8221; custom_margin_tablet=&#8221;-101px|||||&#8221; custom_margin_phone=&#8221;-102px||||false|false&#8221; custom_margin_last_edited=&#8221;on|phone&#8221; global_colors_info=&#8221;{}&#8221;]<\/p>\n<p><span class=\"OYPEnA text-decoration-none text-strikethrough-none\">accompagnement pour postuler aux appels d\u2019offres<\/span><span class=\"OYPEnA text-decoration-none text-strikethrough-none white-space-prewrap\"><\/span><\/p>\n<p>[\/et_pb_text][et_pb_text _builder_version=&#8221;4.18.0&#8243; _module_preset=&#8221;default&#8221; text_font=&#8221;Cormorant Garamond||||||||&#8221; text_text_color=&#8221;#000000&#8243; text_font_size=&#8221;18px&#8221; global_colors_info=&#8221;{}&#8221;]<\/p>\n<div class=\"flex-shrink-0 flex flex-col relative items-end\">\n<div>\n<div class=\"pt-0.5\">\n<div class=\"gizmo-shadow-stroke flex h-6 w-6 items-center justify-center overflow-hidden rounded-full\">\n<div class=\"relative p-1 rounded-sm h-9 w-9 text-white flex items-center justify-center\" style=\"text-align: justify;\">Notre service d&#8217;accompagnement aux appels d&#8217;offres simplifie le processus complexe de candidature, offrant aux entreprises une expertise strat\u00e9gique pour optimiser leurs chances de succ\u00e8s. En analysant en profondeur les exigences de chaque appel d&#8217;offres, nous personnalisons notre soutien pour r\u00e9pondre pr\u00e9cis\u00e9ment aux besoins de nos clients. Gr\u00e2ce \u00e0 une approche cibl\u00e9e, nous aidons \u00e0 mettre en valeur les points forts de l&#8217;entreprise dans des propositions concises et percutantes. Notre objectif est de guider nos partenaires tout au long du processus, depuis la pr\u00e9paration de la documentation jusqu&#8217;\u00e0 la soumission finale, afin d&#8217;assurer une candidature comp\u00e9titive et conforme. Optez pour notre accompagnement et donnez \u00e0 votre entreprise un avantage strat\u00e9gique dans la comp\u00e9tition pour des contrats d&#8217;importance.&#8221;<\/div>\n<\/div>\n<\/div>\n<\/div>\n<\/div>\n<p>[\/et_pb_text][et_pb_button button_url=&#8221;https:\/\/cabinetstie.com\/index.php\/contact\/&#8221; button_text=&#8221;nous contacter&#8221; button_alignment_tablet=&#8221;&#8221; button_alignment_phone=&#8221;center&#8221; button_alignment_last_edited=&#8221;on|phone&#8221; _builder_version=&#8221;4.18.0&#8243; _module_preset=&#8221;default&#8221; custom_button=&#8221;on&#8221; button_text_color=&#8221;#FFFFFF&#8221; button_bg_color=&#8221;#deb23f&#8221; button_border_width=&#8221;0px&#8221; button_border_color=&#8221;RGBA(255,255,255,0)&#8221; button_font=&#8221;Cormorant Garamond|||on|||||&#8221; hover_enabled=&#8221;0&#8243; global_colors_info=&#8221;{}&#8221; sticky_enabled=&#8221;0&#8243;][\/et_pb_button][\/et_pb_column][\/et_pb_row][\/et_pb_section][et_pb_section fb_built=&#8221;1&#8243; custom_padding_last_edited=&#8221;on|phone&#8221; disabled_on=&#8221;off|on|on&#8221; _builder_version=&#8221;4.18.0&#8243; _module_preset=&#8221;default&#8221; background_enable_image=&#8221;off&#8221; custom_margin=&#8221;-7px||||false|false&#8221; custom_margin_tablet=&#8221;8px|||||&#8221; custom_margin_phone=&#8221;-8px||||false|false&#8221; custom_margin_last_edited=&#8221;on|phone&#8221; custom_padding=&#8221;181px||1px|||&#8221; custom_padding_tablet=&#8221;181px||1px|||&#8221; custom_padding_phone=&#8221;144px||||false|false&#8221; global_colors_info=&#8221;{}&#8221;][et_pb_row column_structure=&#8221;1_2,1_2&#8243; _builder_version=&#8221;4.18.0&#8243; _module_preset=&#8221;default&#8221; custom_margin=&#8221;-57px|auto|-18px|auto||&#8221; global_colors_info=&#8221;{}&#8221;][et_pb_column type=&#8221;1_2&#8243; _builder_version=&#8221;4.18.0&#8243; _module_preset=&#8221;default&#8221; global_colors_info=&#8221;{}&#8221;][\/et_pb_column][et_pb_column type=&#8221;1_2&#8243; _builder_version=&#8221;4.18.0&#8243; _module_preset=&#8221;default&#8221; global_colors_info=&#8221;{}&#8221;][et_pb_text _builder_version=&#8221;4.18.0&#8243; _module_preset=&#8221;default&#8221; text_font=&#8221;Cormorant Garamond|||on|||||&#8221; text_text_color=&#8221;#327a7b&#8221; text_font_size=&#8221;19px&#8221; custom_margin=&#8221;-101px|||||&#8221; custom_margin_tablet=&#8221;-101px|||||&#8221; custom_margin_phone=&#8221;-82px||||false|false&#8221; custom_margin_last_edited=&#8221;on|phone&#8221; global_colors_info=&#8221;{}&#8221;]<\/p>\n<p><span class=\"OYPEnA text-decoration-none text-strikethrough-none\">accompagnement pour postuler aux appels d\u2019offres<\/span><span class=\"OYPEnA text-decoration-none text-strikethrough-none white-space-prewrap\"><\/span><\/p>\n<p>[\/et_pb_text][et_pb_image src=&#8221;https:\/\/cabinetstie.com\/wp-content\/uploads\/2024\/01\/bhkvbl.jpg&#8221; title_text=&#8221;maquette site stie &#8211; 25&#8243; align_tablet=&#8221;&#8221; align_phone=&#8221;center&#8221; align_last_edited=&#8221;on|phone&#8221; disabled_on=&#8221;off|on|on&#8221; _builder_version=&#8221;4.18.0&#8243; _module_preset=&#8221;default&#8221; global_colors_info=&#8221;{}&#8221;][\/et_pb_image][et_pb_text _builder_version=&#8221;4.18.0&#8243; _module_preset=&#8221;default&#8221; text_font=&#8221;Cormorant Garamond||||||||&#8221; text_text_color=&#8221;#000000&#8243; text_font_size=&#8221;18px&#8221; global_colors_info=&#8221;{}&#8221;]<\/p>\n<div class=\"flex-shrink-0 flex flex-col relative items-end\">\n<div>\n<div class=\"pt-0.5\">\n<div class=\"gizmo-shadow-stroke flex h-6 w-6 items-center justify-center overflow-hidden rounded-full\">\n<div class=\"relative p-1 rounded-sm h-9 w-9 text-white flex items-center justify-center\" style=\"text-align: justify;\">Notre service d&#8217;accompagnement aux appels d&#8217;offres simplifie le processus complexe de candidature, offrant aux entreprises une expertise strat\u00e9gique pour optimiser leurs chances de succ\u00e8s. En analysant en profondeur les exigences de chaque appel d&#8217;offres, nous personnalisons notre soutien pour r\u00e9pondre pr\u00e9cis\u00e9ment aux besoins de nos clients. Gr\u00e2ce \u00e0 une approche cibl\u00e9e, nous aidons \u00e0 mettre en valeur les points forts de l&#8217;entreprise dans des propositions concises et percutantes. Notre objectif est de guider nos partenaires tout au long du processus, depuis la pr\u00e9paration de la documentation jusqu&#8217;\u00e0 la soumission finale, afin d&#8217;assurer une candidature comp\u00e9titive et conforme. Optez pour notre accompagnement et donnez \u00e0 votre entreprise un avantage strat\u00e9gique dans la comp\u00e9tition pour des contrats d&#8217;importance.&#8221;<\/div>\n<\/div>\n<\/div>\n<\/div>\n<\/div>\n<p>[\/et_pb_text][et_pb_button button_url=&#8221;https:\/\/cabinetstie.com\/index.php\/contact\/&#8221; button_text=&#8221;nous contacter &#8221; button_alignment_tablet=&#8221;&#8221; button_alignment_phone=&#8221;center&#8221; button_alignment_last_edited=&#8221;on|phone&#8221; _builder_version=&#8221;4.18.0&#8243; _module_preset=&#8221;default&#8221; custom_button=&#8221;on&#8221; button_text_color=&#8221;#FFFFFF&#8221; button_bg_color=&#8221;#deb23f&#8221; button_border_width=&#8221;0px&#8221; button_border_color=&#8221;RGBA(255,255,255,0)&#8221; button_font=&#8221;Cormorant Garamond|||on|||||&#8221; hover_enabled=&#8221;0&#8243; global_colors_info=&#8221;{}&#8221; sticky_enabled=&#8221;0&#8243;][\/et_pb_button][\/et_pb_column][\/et_pb_row][\/et_pb_section][et_pb_section fb_built=&#8221;1&#8243; custom_padding_last_edited=&#8221;on|phone&#8221; _builder_version=&#8221;4.18.0&#8243; _module_preset=&#8221;default&#8221; background_color=&#8221;#327a7b&#8221; custom_margin=&#8221;54px||||false|false&#8221; custom_margin_tablet=&#8221;54px||||false|false&#8221; custom_margin_phone=&#8221;||-3px||false|false&#8221; custom_margin_last_edited=&#8221;on|phone&#8221; custom_padding=&#8221;4px||91px|||&#8221; custom_padding_tablet=&#8221;4px||91px|||&#8221; custom_padding_phone=&#8221;0px||27px||false|false&#8221; border_width_bottom=&#8221;2px&#8221; border_color_bottom=&#8221;#FFFFFF&#8221; global_colors_info=&#8221;{}&#8221;][et_pb_row column_structure=&#8221;1_2,1_2&#8243; _builder_version=&#8221;4.18.0&#8243; _module_preset=&#8221;default&#8221; custom_margin=&#8221;-13px|auto||auto||&#8221; global_colors_info=&#8221;{}&#8221;][et_pb_column type=&#8221;1_2&#8243; _builder_version=&#8221;4.18.0&#8243; _module_preset=&#8221;default&#8221; global_colors_info=&#8221;{}&#8221;][et_pb_text _builder_version=&#8221;4.18.0&#8243; _module_preset=&#8221;default&#8221; text_font=&#8221;Cormorant Garamond|||on|||||&#8221; text_text_color=&#8221;#deb23f&#8221; text_font_size=&#8221;25px&#8221; custom_margin=&#8221;30px|||||&#8221; global_colors_info=&#8221;{}&#8221;]<\/p>\n<p style=\"text-align: justify;\"><span class=\"OYPEnA text-decoration-none text-strikethrough-none\">D\u00e9claration d\u2019imp\u00f4ts<\/span><\/p>\n<p>[\/et_pb_text][et_pb_text _builder_version=&#8221;4.18.0&#8243; _module_preset=&#8221;default&#8221; text_font=&#8221;Cormorant Garamond||||||||&#8221; text_text_color=&#8221;#FFFFFF&#8221; text_font_size=&#8221;18px&#8221; global_colors_info=&#8221;{}&#8221;]<\/p>\n<p style=\"text-align: justify;\">La d\u00e9claration d&#8217;imp\u00f4ts est un rituel annuel incontournable dans la vie de tout contribuable. C&#8217;est le moment o\u00f9 chaque citoyen ou entreprise d\u00e9voile ses revenus, ses d\u00e9penses et d&#8217;autres \u00e9l\u00e9ments financiers au service des imp\u00f4ts. Cette proc\u00e9dure vise \u00e0 garantir la transparence fiscale et \u00e0 permettre aux autorit\u00e9s de collecter les ressources n\u00e9cessaires au fonctionnement de l&#8217;\u00c9tat.<\/p>\n<p style=\"text-align: justify;\">Elle requiert une attention particuli\u00e8re, car des erreurs peuvent entra\u00eener des cons\u00e9quences financi\u00e8res importantes. Les contribuables doivent rassembler soigneusement tous les documents pertinents, comme les relev\u00e9s de revenus, les justificatifs de d\u00e9penses, et suivre les r\u00e9glementations fiscales en vigueur. La d\u00e9claration d&#8217;imp\u00f4ts peut \u00eatre effectu\u00e9e en ligne, simplifiant ainsi le processus pour de nombreux contribuables.<\/p>\n<p style=\"text-align: justify;\">Les avantages fiscaux, tels que les d\u00e9ductions et les cr\u00e9dits d&#8217;imp\u00f4t, sont souvent li\u00e9s \u00e0 des \u00e9l\u00e9ments sp\u00e9cifiques d\u00e9clar\u00e9s avec pr\u00e9cision. Il est donc essentiel de comprendre les subtilit\u00e9s du syst\u00e8me fiscal pour maximiser les b\u00e9n\u00e9fices l\u00e9gitimes. En fin de compte, la d\u00e9claration d&#8217;imp\u00f4ts repr\u00e9sente une responsabilit\u00e9 citoyenne cruciale et contribue au financement des services publics essentiels.<\/p>\n<p>[\/et_pb_text][\/et_pb_column][et_pb_column type=&#8221;1_2&#8243; _builder_version=&#8221;4.18.0&#8243; _module_preset=&#8221;default&#8221; global_colors_info=&#8221;{}&#8221;][et_pb_image src=&#8221;https:\/\/cabinetstie.com\/wp-content\/uploads\/2024\/01\/pexels-mikhail-nilov-8297351-scaled.jpg&#8221; title_text=&#8221;pexels-mikhail-nilov-8297351&#8243; force_fullwidth=&#8221;on&#8221; _builder_version=&#8221;4.18.0&#8243; _module_preset=&#8221;default&#8221; custom_margin=&#8221;179px|||||&#8221; custom_margin_tablet=&#8221;179px|||||&#8221; custom_margin_phone=&#8221;15px||||false|false&#8221; custom_margin_last_edited=&#8221;on|phone&#8221; global_colors_info=&#8221;{}&#8221;][\/et_pb_image][et_pb_button button_url=&#8221;https:\/\/cabinetstie.com\/index.php\/contact\/&#8221; button_text=&#8221;nous contacter&#8221; button_alignment_tablet=&#8221;&#8221; button_alignment_phone=&#8221;center&#8221; button_alignment_last_edited=&#8221;on|phone&#8221; _builder_version=&#8221;4.18.0&#8243; _module_preset=&#8221;default&#8221; custom_button=&#8221;on&#8221; button_text_color=&#8221;#FFFFFF&#8221; button_bg_color=&#8221;#deb23f&#8221; button_border_width=&#8221;0px&#8221; button_border_color=&#8221;RGBA(255,255,255,0)&#8221; button_font=&#8221;Cormorant Garamond|||on|||||&#8221; hover_enabled=&#8221;0&#8243; global_colors_info=&#8221;{}&#8221; sticky_enabled=&#8221;0&#8243;][\/et_pb_button][\/et_pb_column][\/et_pb_row][\/et_pb_section]<\/p>\n","protected":false},"excerpt":{"rendered":"<p>services compl\u00e9mentairesSimplifiez votre quotidien en confiant vos formalit\u00e9s administratives \u00e0 notre expertise. Nous prenons en charge les proc\u00e9dures fastidieuses, assurant une conformit\u00e9 totale et lib\u00e9rant votre temps pr\u00e9cieux pour vous concentrer sur le d\u00e9veloppement de votre entreprise. Avec notre assistance, naviguez sans stress \u00e0 travers les obligations administratives et consacrez-vous pleinement \u00e0 la croissance de [&hellip;]<\/p>\n","protected":false},"author":1,"featured_media":0,"parent":0,"menu_order":0,"comment_status":"closed","ping_status":"closed","template":"","meta":{"_et_pb_use_builder":"on","_et_pb_old_content":"<!-- wp:divi\/placeholder \/-->","_et_gb_content_width":"","footnotes":""},"class_list":["post-28","page","type-page","status-publish","hentry"],"_links":{"self":[{"href":"https:\/\/cabinetstie.com\/index.php\/wp-json\/wp\/v2\/pages\/28","targetHints":{"allow":["GET"]}}],"collection":[{"href":"https:\/\/cabinetstie.com\/index.php\/wp-json\/wp\/v2\/pages"}],"about":[{"href":"https:\/\/cabinetstie.com\/index.php\/wp-json\/wp\/v2\/types\/page"}],"author":[{"embeddable":true,"href":"https:\/\/cabinetstie.com\/index.php\/wp-json\/wp\/v2\/users\/1"}],"replies":[{"embeddable":true,"href":"https:\/\/cabinetstie.com\/index.php\/wp-json\/wp\/v2\/comments?post=28"}],"version-history":[{"count":71,"href":"https:\/\/cabinetstie.com\/index.php\/wp-json\/wp\/v2\/pages\/28\/revisions"}],"predecessor-version":[{"id":1166,"href":"https:\/\/cabinetstie.com\/index.php\/wp-json\/wp\/v2\/pages\/28\/revisions\/1166"}],"wp:attachment":[{"href":"https:\/\/cabinetstie.com\/index.php\/wp-json\/wp\/v2\/media?parent=28"}],"curies":[{"name":"wp","href":"https:\/\/api.w.org\/{rel}","templated":true}]}}