{"id":425,"date":"2024-01-09T14:06:13","date_gmt":"2024-01-09T13:06:13","guid":{"rendered":"https:\/\/cabinetstie.com\/?page_id=425"},"modified":"2024-04-04T12:17:55","modified_gmt":"2024-04-04T10:17:55","slug":"page-immobilier-2","status":"publish","type":"page","link":"https:\/\/cabinetstie.com\/index.php\/page-immobilier-2\/","title":{"rendered":"PAGE IMMOBILIER 1"},"content":{"rendered":"<p>[et_pb_section fb_built=&#8221;1&#8243; _builder_version=&#8221;4.18.0&#8243; _module_preset=&#8221;default&#8221; global_colors_info=&#8221;{}&#8221;][et_pb_row column_structure=&#8221;3_5,2_5&#8243; _builder_version=&#8221;4.18.0&#8243; _module_preset=&#8221;default&#8221; global_colors_info=&#8221;{}&#8221;][et_pb_column type=&#8221;3_5&#8243; _builder_version=&#8221;4.18.0&#8243; _module_preset=&#8221;default&#8221; global_colors_info=&#8221;{}&#8221;][et_pb_text _builder_version=&#8221;4.18.0&#8243; _module_preset=&#8221;default&#8221; text_font=&#8221;Cormorant Garamond|700|||||||&#8221; text_text_color=&#8221;#000000&#8243; text_font_size=&#8221;26px&#8221; custom_margin=&#8221;-1px|||||&#8221; global_colors_info=&#8221;{}&#8221;]<\/p>\n<p><span>Maison de ville \u2022 Bi\u00e8vres Sud Tolbiac, Paris 13\u00e8me<\/span><\/p>\n<p>[\/et_pb_text][et_pb_text _builder_version=&#8221;4.18.0&#8243; _module_preset=&#8221;default&#8221; text_font=&#8221;Cormorant Garamond|700|||||||&#8221; text_text_color=&#8221;#000000&#8243; text_font_size=&#8221;21px&#8221; custom_margin=&#8221;-1px|||||&#8221; hover_enabled=&#8221;0&#8243; text_font_size_tablet=&#8221;21px&#8221; text_font_size_phone=&#8221;17px&#8221; text_font_size_last_edited=&#8221;on|desktop&#8221; global_colors_info=&#8221;{}&#8221; text_orientation_last_edited=&#8221;on|phone&#8221; text_orientation_phone=&#8221;center&#8221; sticky_enabled=&#8221;0&#8243;]<\/p>\n<p><span>6\u00a0<\/span><span>Pi\u00e8ces<\/span><span class=\"separator\">\u00a0\u2022\u00a0<\/span><span>4\u00a0<\/span><span>Chambres\u00a0<\/span><span class=\"separator\">\u2022\u00a0<\/span><span>Surface de 120 m\u00b2<\/span><\/p>\n<p>[\/et_pb_text][et_pb_gallery gallery_ids=&#8221;1211,1210,1209,1208,1207,1206&#8243; fullwidth=&#8221;on&#8221; _builder_version=&#8221;4.18.0&#8243; _module_preset=&#8221;default&#8221; global_colors_info=&#8221;{}&#8221;][\/et_pb_gallery][et_pb_text _builder_version=&#8221;4.18.0&#8243; _module_preset=&#8221;default&#8221; text_font=&#8221;Cormorant Garamond||||||||&#8221; text_text_color=&#8221;#000000&#8243; text_font_size=&#8221;17px&#8221; global_colors_info=&#8221;{}&#8221;]<\/p>\n<p style=\"text-align: justify;\"><span>MAISON &#8211; 6 PIECES &#8211; 4 CHAMBRES &#8211; JARDIN Bien rare, dans un quartier-village du 13\u00e8me arrondissement de Paris. <\/p>\n<p>Maison en pleine propri\u00e9t\u00e9 avec 60m2 de jardin charmant, ensoleill\u00e9 et avec peu de vis \u00e0 vis. Elle se compose en rez-de-chauss\u00e9e d&#8217;une cuisine\/salle \u00e0 manger et d&#8217;un s\u00e9jour lumineux. En souplex, une chambre, une buanderie et une salle de bain avec WC. <\/p>\n<p>Au 1er \u00e9tage, la chambre parentale avec un dressing et une salle de bain avec WC. <\/p>\n<p>Au deuxi\u00e8me \u00e9tage se trouve deux chambres spacieuses et lumineuses. La maison est au calme et en bon \u00e9tat. Le m\u00e9tro Tolbiac se trouve \u00e0 5 mn \u00e0 pied (ligne 7 et 14). Station de bus \u00e0 50 m\u00e8tres.<\/span><\/p>\n<p>[\/et_pb_text][et_pb_text _builder_version=&#8221;4.18.0&#8243; _module_preset=&#8221;default&#8221; text_font=&#8221;Cormorant Garamond|700|||||||&#8221; text_text_color=&#8221;#000000&#8243; text_font_size=&#8221;23px&#8221; custom_margin=&#8221;||13px|||&#8221; global_colors_info=&#8221;{}&#8221;]<\/p>\n<div class=\"detailMore wrapMain aboutPrice\">\n<section class=\"alurDetailsPrice\">\n<p class=\"detailMoreAlur\">\u00c0 propos du prix<\/p>\n<\/section>\n<\/div>\n<p>[\/et_pb_text][et_pb_text _builder_version=&#8221;4.18.0&#8243; _module_preset=&#8221;default&#8221; text_font=&#8221;Cormorant Garamond||||||||&#8221; text_text_color=&#8221;#000000&#8243; text_font_size=&#8221;17px&#8221; global_colors_info=&#8221;{}&#8221;]<\/p>\n<div class=\"detailMore wrapMain aboutPrice\">\n<section class=\"alurDetailsPrice\">\n<p class=\"detailMoreAlur\">1 530 000 \u20ac<br \/>Honoraires TTC inclus \u00e0 la charge de l\u2019acqu\u00e9reur : <span class=\"detailMoreAlurPrice\">2,68%<\/span> du prix du bien hors honoraires<br \/>Prix du bien hors honoraires : <span class=\"detailMoreAlurPrice\">1 490 000 \u20ac<\/span><\/p>\n<\/section>\n<\/div>\n<div class=\"detailMore wrapMain \">\n<p>&nbsp;<\/p>\n<\/div>\n<p>[\/et_pb_text][\/et_pb_column][et_pb_column type=&#8221;2_5&#8243; _builder_version=&#8221;4.18.0&#8243; _module_preset=&#8221;default&#8221; global_colors_info=&#8221;{}&#8221;][et_pb_text _builder_version=&#8221;4.18.0&#8243; _module_preset=&#8221;default&#8221; text_font=&#8221;Cormorant Garamond|700|||||||&#8221; text_text_color=&#8221;#000000&#8243; text_font_size=&#8221;26px&#8221; text_orientation=&#8221;right&#8221; custom_margin=&#8221;-1px|||||&#8221; global_colors_info=&#8221;{}&#8221;]<\/p>\n<p><span>1 530 000 \u20ac<\/span><\/p>\n<p>[\/et_pb_text][et_pb_contact_form captcha=&#8221;off&#8221; email=&#8221;stella.djorbaye@cabinetstie.com &#8221; _builder_version=&#8221;4.18.0&#8243; _module_preset=&#8221;default&#8221; _unique_id=&#8221;20312a5a-5e13-4728-81bf-5c46e0cc2bed&#8221; custom_button=&#8221;on&#8221; button_text_color=&#8221;#deb23f&#8221; global_colors_info=&#8221;{}&#8221;][et_pb_contact_field field_id=&#8221;Name&#8221; field_title=&#8221;Nom&#8221; _builder_version=&#8221;4.18.0&#8243; global_colors_info=&#8221;{}&#8221; button_text_size__hover_enabled=&#8221;off&#8221; button_one_text_size__hover_enabled=&#8221;off&#8221; button_two_text_size__hover_enabled=&#8221;off&#8221; button_text_color__hover_enabled=&#8221;off&#8221; button_one_text_color__hover_enabled=&#8221;off&#8221; button_two_text_color__hover_enabled=&#8221;off&#8221; button_border_width__hover_enabled=&#8221;off&#8221; button_one_border_width__hover_enabled=&#8221;off&#8221; button_two_border_width__hover_enabled=&#8221;off&#8221; button_border_color__hover_enabled=&#8221;off&#8221; button_one_border_color__hover_enabled=&#8221;off&#8221; button_two_border_color__hover_enabled=&#8221;off&#8221; button_border_radius__hover_enabled=&#8221;off&#8221; button_one_border_radius__hover_enabled=&#8221;off&#8221; button_two_border_radius__hover_enabled=&#8221;off&#8221; button_letter_spacing__hover_enabled=&#8221;off&#8221; button_one_letter_spacing__hover_enabled=&#8221;off&#8221; button_two_letter_spacing__hover_enabled=&#8221;off&#8221; button_bg_color__hover_enabled=&#8221;off&#8221; button_one_bg_color__hover_enabled=&#8221;off&#8221; button_two_bg_color__hover_enabled=&#8221;off&#8221;][\/et_pb_contact_field][et_pb_contact_field field_id=&#8221;Email&#8221; field_title=&#8221;Adresse e-mail&#8221; field_type=&#8221;email&#8221; _builder_version=&#8221;4.16&#8243; global_colors_info=&#8221;{}&#8221; button_text_size__hover_enabled=&#8221;off&#8221; button_one_text_size__hover_enabled=&#8221;off&#8221; button_two_text_size__hover_enabled=&#8221;off&#8221; button_text_color__hover_enabled=&#8221;off&#8221; button_one_text_color__hover_enabled=&#8221;off&#8221; button_two_text_color__hover_enabled=&#8221;off&#8221; button_border_width__hover_enabled=&#8221;off&#8221; button_one_border_width__hover_enabled=&#8221;off&#8221; button_two_border_width__hover_enabled=&#8221;off&#8221; button_border_color__hover_enabled=&#8221;off&#8221; button_one_border_color__hover_enabled=&#8221;off&#8221; button_two_border_color__hover_enabled=&#8221;off&#8221; button_border_radius__hover_enabled=&#8221;off&#8221; button_one_border_radius__hover_enabled=&#8221;off&#8221; button_two_border_radius__hover_enabled=&#8221;off&#8221; button_letter_spacing__hover_enabled=&#8221;off&#8221; button_one_letter_spacing__hover_enabled=&#8221;off&#8221; button_two_letter_spacing__hover_enabled=&#8221;off&#8221; button_bg_color__hover_enabled=&#8221;off&#8221; button_one_bg_color__hover_enabled=&#8221;off&#8221; button_two_bg_color__hover_enabled=&#8221;off&#8221;][\/et_pb_contact_field][et_pb_contact_field field_id=&#8221;Num\u00e9ro&#8221; field_title=&#8221;Num\u00e9ro&#8221; fullwidth_field=&#8221;on&#8221; _builder_version=&#8221;4.18.0&#8243; _module_preset=&#8221;default&#8221; global_colors_info=&#8221;{}&#8221;][\/et_pb_contact_field][et_pb_contact_field field_id=&#8221;Message&#8221; field_title=&#8221;Message&#8221; field_type=&#8221;text&#8221; fullwidth_field=&#8221;on&#8221; _builder_version=&#8221;4.16&#8243; global_colors_info=&#8221;{}&#8221; button_text_size__hover_enabled=&#8221;off&#8221; button_one_text_size__hover_enabled=&#8221;off&#8221; button_two_text_size__hover_enabled=&#8221;off&#8221; button_text_color__hover_enabled=&#8221;off&#8221; button_one_text_color__hover_enabled=&#8221;off&#8221; button_two_text_color__hover_enabled=&#8221;off&#8221; button_border_width__hover_enabled=&#8221;off&#8221; button_one_border_width__hover_enabled=&#8221;off&#8221; button_two_border_width__hover_enabled=&#8221;off&#8221; button_border_color__hover_enabled=&#8221;off&#8221; button_one_border_color__hover_enabled=&#8221;off&#8221; button_two_border_color__hover_enabled=&#8221;off&#8221; button_border_radius__hover_enabled=&#8221;off&#8221; button_one_border_radius__hover_enabled=&#8221;off&#8221; button_two_border_radius__hover_enabled=&#8221;off&#8221; button_letter_spacing__hover_enabled=&#8221;off&#8221; button_one_letter_spacing__hover_enabled=&#8221;off&#8221; button_two_letter_spacing__hover_enabled=&#8221;off&#8221; button_bg_color__hover_enabled=&#8221;off&#8221; button_one_bg_color__hover_enabled=&#8221;off&#8221; button_two_bg_color__hover_enabled=&#8221;off&#8221;][\/et_pb_contact_field][\/et_pb_contact_form][et_pb_text _builder_version=&#8221;4.18.0&#8243; _module_preset=&#8221;default&#8221; text_font=&#8221;Cormorant Garamond|600|||||||&#8221; text_text_color=&#8221;#000000&#8243; text_font_size=&#8221;23px&#8221; header_3_font=&#8221;|800|||||||&#8221; header_3_text_color=&#8221;#000000&#8243; header_3_font_size=&#8221;29px&#8221; global_colors_info=&#8221;{}&#8221;]<\/p>\n<h3 class=\"detailInfosListHeading\">Caract\u00e9ristiques g\u00e9n\u00e9rales<\/h3>\n<p>[\/et_pb_text][et_pb_text _builder_version=&#8221;4.18.0&#8243; _module_preset=&#8221;default&#8221; text_font=&#8221;Cormorant Garamond||||||||&#8221; text_text_color=&#8221;#000000&#8243; custom_margin=&#8221;-24px|||||&#8221; global_colors_info=&#8221;{}&#8221;]<\/p>\n<p>Exposition est, ouest \u00a0 \u00a0 \u00a0 \u00a0 \u00a0 \u00a0 \u00a0Sans vis-\u00e0-vis \u00a0 \u00a0 \u00a0 \u00a0 \u00a0 \u00a0 \u00a0 \u00a0 Calme<\/p>\n<p>Ann\u00e9e de construction 1908 \u00a0 \u00a0B\u00e2timent de 2 \u00e9tages. \u00a0 \u00a0 \u00a0 6 Pi\u00e8ces<\/p>\n<p>[\/et_pb_text][et_pb_text _builder_version=&#8221;4.18.0&#8243; _module_preset=&#8221;default&#8221; text_font=&#8221;Cormorant Garamond|600|||||||&#8221; text_text_color=&#8221;#000000&#8243; text_font_size=&#8221;23px&#8221; header_3_font=&#8221;|800|||||||&#8221; header_3_text_color=&#8221;#000000&#8243; header_3_font_size=&#8221;29px&#8221; global_colors_info=&#8221;{}&#8221;]<\/p>\n<h3 class=\"detailInfosListHeading\">Am\u00e9nagement du bien<\/h3>\n<p>[\/et_pb_text][et_pb_text _builder_version=&#8221;4.18.0&#8243; _module_preset=&#8221;default&#8221; text_font=&#8221;Cormorant Garamond||||||||&#8221; text_text_color=&#8221;#000000&#8243; custom_margin=&#8221;-16px|||||&#8221; global_colors_info=&#8221;{}&#8221;]<\/p>\n<p>Cave de 4,65 m\u00b2 \u00a0 \u00a0Salle de s\u00e9jour de 23,95 m\u00b2 \u00a0 \u00a0Salle \u00e0 manger<\/p>\n<p>4 Chambres \u00a0 \u00a0 \u00a0 2 Toilettes \u00a0 \u00a0 \u00a0 \u00a0Non meubl\u00e9<\/p>\n<p>Chauffage individuel gaz radiateur \u00a0 1 Salle de bain. \u00a01 Salle d&#8217;eau<\/p>\n<p>[\/et_pb_text][\/et_pb_column][\/et_pb_row][\/et_pb_section]<\/p>\n","protected":false},"excerpt":{"rendered":"<p>Maison de ville \u2022 Bi\u00e8vres Sud Tolbiac, Paris 13\u00e8me6\u00a0Pi\u00e8ces\u00a0\u2022\u00a04\u00a0Chambres\u00a0\u2022\u00a0Surface de 120 m\u00b2MAISON &#8211; 6 PIECES &#8211; 4 CHAMBRES &#8211; JARDIN Bien rare, dans un quartier-village du 13\u00e8me arrondissement de Paris. Maison en pleine propri\u00e9t\u00e9 avec 60m2 de jardin charmant, ensoleill\u00e9 et avec peu de vis \u00e0 vis. Elle se compose en rez-de-chauss\u00e9e d&#8217;une cuisine\/salle \u00e0 [&hellip;]<\/p>\n","protected":false},"author":1,"featured_media":0,"parent":0,"menu_order":0,"comment_status":"closed","ping_status":"closed","template":"","meta":{"_et_pb_use_builder":"on","_et_pb_old_content":"","_et_gb_content_width":"","footnotes":""},"class_list":["post-425","page","type-page","status-publish","hentry"],"_links":{"self":[{"href":"https:\/\/cabinetstie.com\/index.php\/wp-json\/wp\/v2\/pages\/425","targetHints":{"allow":["GET"]}}],"collection":[{"href":"https:\/\/cabinetstie.com\/index.php\/wp-json\/wp\/v2\/pages"}],"about":[{"href":"https:\/\/cabinetstie.com\/index.php\/wp-json\/wp\/v2\/types\/page"}],"author":[{"embeddable":true,"href":"https:\/\/cabinetstie.com\/index.php\/wp-json\/wp\/v2\/users\/1"}],"replies":[{"embeddable":true,"href":"https:\/\/cabinetstie.com\/index.php\/wp-json\/wp\/v2\/comments?post=425"}],"version-history":[{"count":27,"href":"https:\/\/cabinetstie.com\/index.php\/wp-json\/wp\/v2\/pages\/425\/revisions"}],"predecessor-version":[{"id":1317,"href":"https:\/\/cabinetstie.com\/index.php\/wp-json\/wp\/v2\/pages\/425\/revisions\/1317"}],"wp:attachment":[{"href":"https:\/\/cabinetstie.com\/index.php\/wp-json\/wp\/v2\/media?parent=425"}],"curies":[{"name":"wp","href":"https:\/\/api.w.org\/{rel}","templated":true}]}}