{"id":440,"date":"2024-01-09T16:40:32","date_gmt":"2024-01-09T15:40:32","guid":{"rendered":"https:\/\/cabinetstie.com\/?page_id=440"},"modified":"2024-04-04T12:19:26","modified_gmt":"2024-04-04T10:19:26","slug":"page-immobilier-2-2","status":"publish","type":"page","link":"https:\/\/cabinetstie.com\/index.php\/page-immobilier-2-2\/","title":{"rendered":"PAGE IMMOBILIER 2"},"content":{"rendered":"<p>[et_pb_section fb_built=&#8221;1&#8243; _builder_version=&#8221;4.18.0&#8243; _module_preset=&#8221;default&#8221; global_colors_info=&#8221;{}&#8221;][et_pb_row column_structure=&#8221;3_5,2_5&#8243; _builder_version=&#8221;4.18.0&#8243; _module_preset=&#8221;default&#8221; global_colors_info=&#8221;{}&#8221;][et_pb_column type=&#8221;3_5&#8243; _builder_version=&#8221;4.18.0&#8243; _module_preset=&#8221;default&#8221; global_colors_info=&#8221;{}&#8221;][et_pb_text _builder_version=&#8221;4.18.0&#8243; _module_preset=&#8221;default&#8221; text_font=&#8221;Cormorant Garamond|700|||||||&#8221; text_text_color=&#8221;#000000&#8243; text_font_size=&#8221;26px&#8221; custom_margin=&#8221;-1px|||||&#8221; global_colors_info=&#8221;{}&#8221;]<\/p>\n<p><span>Appartement \u2022 Triangle d&#8217;Or, Paris 8\u00e8me<\/span><\/p>\n<p>[\/et_pb_text][et_pb_text _builder_version=&#8221;4.18.0&#8243; _module_preset=&#8221;default&#8221; text_font=&#8221;Cormorant Garamond|700|||||||&#8221; text_text_color=&#8221;#000000&#8243; text_font_size=&#8221;26px&#8221; custom_margin=&#8221;-1px|||||&#8221; hover_enabled=&#8221;0&#8243; global_colors_info=&#8221;{}&#8221; text_font_size_last_edited=&#8221;on|phone&#8221; text_font_size_phone=&#8221;17px&#8221; sticky_enabled=&#8221;0&#8243; text_orientation_last_edited=&#8221;on|phone&#8221; text_orientation_phone=&#8221;center&#8221; text_font_size_tablet=&#8221;26px&#8221;]<\/p>\n<p><span>6\u00a0<\/span><span>Pi\u00e8ces<\/span><span class=\"separator\">\u00a0\u2022\u00a0<\/span><span>4\u00a0<\/span><span>Chambres\u00a0<\/span><span class=\"separator\">\u2022\u00a0<\/span><span>Surface de 176,53 m\u00b2<\/span><\/p>\n<p>[\/et_pb_text][et_pb_gallery gallery_ids=&#8221;1268,1269,1270,1271,1272,1273&#8243; fullwidth=&#8221;on&#8221; _builder_version=&#8221;4.18.0&#8243; _module_preset=&#8221;default&#8221; global_colors_info=&#8221;{}&#8221;][\/et_pb_gallery][et_pb_text _builder_version=&#8221;4.18.0&#8243; _module_preset=&#8221;default&#8221; text_font=&#8221;Cormorant Garamond||||||||&#8221; text_text_color=&#8221;#000000&#8243; text_font_size=&#8221;17px&#8221; global_colors_info=&#8221;{}&#8221;]<\/p>\n<p><span>PARIS VIII &#8211; TRIANGLE D&#8217;OR &#8211; RUE CLEMENT MAROT &#8211; 6 PI\u00c8CES 4 CHAMBRES &#8211; 3E ETAGE PARIS VIII &#8211; \u00c0 LOUER VIDE SUPERBE 6 PI\u00c8CES 173M\u00b2 4 CHAMBRES -RUE CL\u00c9MENT MAROT <\/p>\n<p>Nous vous proposons ce superbe appartement de 176m\u00b2 situ\u00e9 au 3\u00e8me \u00e9tage avec ascenseur, dans un tr\u00e8s bel immeuble aux parties communes de qualit\u00e9, s\u00e9curis\u00e9 par interphone, digicode et gardien. <\/p>\n<p>Ce bien se compose d&#8217;une entr\u00e9e, d&#8217;un beau s\u00e9jour lumineux, d&#8217;une salle \u00e0 manger avec cuisine US (non \u00e9quip\u00e9e), de 4 chambres dont une chambre parentale avec dressing et salle de bain douche et baignoire avec WC, d&#8217;une salle de douche, et des WC s\u00e9par\u00e9s. <\/p>\n<p>Prestations haut de gamme. Chauffage et eau chaude individuel au gaz. Cet appartement vous s\u00e9duira par son emplacement id\u00e9al au c\u0153ur du triangle d&#8217;or, des transports et des commerces. Loyer HC: 5400 euros ; Provisions sur charges: 300euros ; Loyer CC: 5700 euros. <\/p>\n<p>REVENUS NETS EXIGES: 3 FOIS LE MONTANT DU LOYER CC SOIT 17100euros\/MOIS. PAS DE GARANTS NI CAUTION BANCAIRE. <\/p>\n<p>A VISITER RAPIDEMENT PARIS <\/p>\n<p>&#8211; Zone soumise \u00e0 l&#8217;encadrement des Loyers : <br \/>&#8211; Loyer de r\u00e9f\u00e9rence Major\u00e9 :31,2 euros\/m\u00b2 <br \/>&#8211; Loyer de r\u00e9f\u00e9rence :26 euros\/m\u00b2 <br \/>&#8211; Honoraires locataire bail loi 89: 12 euros \/ m\u00b2 TTC + 3 euros \/ m\u00b2 TTC de frais d&#8217;\u00e9tat des lieux <br \/>&#8211; Honoraires locataire bail code civil: 12 % du loyer annuel HC + TVA (20%)<\/span><\/p>\n<p>[\/et_pb_text][\/et_pb_column][et_pb_column type=&#8221;2_5&#8243; _builder_version=&#8221;4.18.0&#8243; _module_preset=&#8221;default&#8221; global_colors_info=&#8221;{}&#8221;][et_pb_text _builder_version=&#8221;4.18.0&#8243; _module_preset=&#8221;default&#8221; text_font=&#8221;Cormorant Garamond|700|||||||&#8221; text_text_color=&#8221;#000000&#8243; text_font_size=&#8221;26px&#8221; text_orientation=&#8221;right&#8221; custom_margin=&#8221;-1px|||||&#8221; global_colors_info=&#8221;{}&#8221;]<\/p>\n<div class=\"annonceSpecsListItemPrice\">5 700 \u20ac<span>\/mois<\/span><sup>TTC CC<\/sup><\/div>\n<p>[\/et_pb_text][et_pb_contact_form captcha=&#8221;off&#8221; email=&#8221;stella.djorbaye@cabinetstie.com &#8221; _builder_version=&#8221;4.18.0&#8243; _module_preset=&#8221;default&#8221; _unique_id=&#8221;20312a5a-5e13-4728-81bf-5c46e0cc2bed&#8221; custom_button=&#8221;on&#8221; button_text_color=&#8221;#deb23f&#8221; global_colors_info=&#8221;{}&#8221;][et_pb_contact_field field_id=&#8221;Name&#8221; field_title=&#8221;Nom&#8221; _builder_version=&#8221;4.18.0&#8243; global_colors_info=&#8221;{}&#8221; button_text_size__hover_enabled=&#8221;off&#8221; button_one_text_size__hover_enabled=&#8221;off&#8221; button_two_text_size__hover_enabled=&#8221;off&#8221; button_text_color__hover_enabled=&#8221;off&#8221; button_one_text_color__hover_enabled=&#8221;off&#8221; button_two_text_color__hover_enabled=&#8221;off&#8221; button_border_width__hover_enabled=&#8221;off&#8221; button_one_border_width__hover_enabled=&#8221;off&#8221; button_two_border_width__hover_enabled=&#8221;off&#8221; button_border_color__hover_enabled=&#8221;off&#8221; button_one_border_color__hover_enabled=&#8221;off&#8221; button_two_border_color__hover_enabled=&#8221;off&#8221; button_border_radius__hover_enabled=&#8221;off&#8221; button_one_border_radius__hover_enabled=&#8221;off&#8221; button_two_border_radius__hover_enabled=&#8221;off&#8221; button_letter_spacing__hover_enabled=&#8221;off&#8221; button_one_letter_spacing__hover_enabled=&#8221;off&#8221; button_two_letter_spacing__hover_enabled=&#8221;off&#8221; button_bg_color__hover_enabled=&#8221;off&#8221; button_one_bg_color__hover_enabled=&#8221;off&#8221; button_two_bg_color__hover_enabled=&#8221;off&#8221;][\/et_pb_contact_field][et_pb_contact_field field_id=&#8221;Email&#8221; field_title=&#8221;Adresse e-mail&#8221; field_type=&#8221;email&#8221; _builder_version=&#8221;4.16&#8243; global_colors_info=&#8221;{}&#8221; button_text_size__hover_enabled=&#8221;off&#8221; button_one_text_size__hover_enabled=&#8221;off&#8221; button_two_text_size__hover_enabled=&#8221;off&#8221; button_text_color__hover_enabled=&#8221;off&#8221; button_one_text_color__hover_enabled=&#8221;off&#8221; button_two_text_color__hover_enabled=&#8221;off&#8221; button_border_width__hover_enabled=&#8221;off&#8221; button_one_border_width__hover_enabled=&#8221;off&#8221; button_two_border_width__hover_enabled=&#8221;off&#8221; button_border_color__hover_enabled=&#8221;off&#8221; button_one_border_color__hover_enabled=&#8221;off&#8221; button_two_border_color__hover_enabled=&#8221;off&#8221; button_border_radius__hover_enabled=&#8221;off&#8221; button_one_border_radius__hover_enabled=&#8221;off&#8221; button_two_border_radius__hover_enabled=&#8221;off&#8221; button_letter_spacing__hover_enabled=&#8221;off&#8221; button_one_letter_spacing__hover_enabled=&#8221;off&#8221; button_two_letter_spacing__hover_enabled=&#8221;off&#8221; button_bg_color__hover_enabled=&#8221;off&#8221; button_one_bg_color__hover_enabled=&#8221;off&#8221; button_two_bg_color__hover_enabled=&#8221;off&#8221;][\/et_pb_contact_field][et_pb_contact_field field_id=&#8221;Num\u00e9ro&#8221; field_title=&#8221;Num\u00e9ro&#8221; fullwidth_field=&#8221;on&#8221; _builder_version=&#8221;4.18.0&#8243; _module_preset=&#8221;default&#8221; global_colors_info=&#8221;{}&#8221;][\/et_pb_contact_field][et_pb_contact_field field_id=&#8221;Message&#8221; field_title=&#8221;Message&#8221; field_type=&#8221;text&#8221; fullwidth_field=&#8221;on&#8221; _builder_version=&#8221;4.16&#8243; global_colors_info=&#8221;{}&#8221; button_text_size__hover_enabled=&#8221;off&#8221; button_one_text_size__hover_enabled=&#8221;off&#8221; button_two_text_size__hover_enabled=&#8221;off&#8221; button_text_color__hover_enabled=&#8221;off&#8221; button_one_text_color__hover_enabled=&#8221;off&#8221; button_two_text_color__hover_enabled=&#8221;off&#8221; button_border_width__hover_enabled=&#8221;off&#8221; button_one_border_width__hover_enabled=&#8221;off&#8221; button_two_border_width__hover_enabled=&#8221;off&#8221; button_border_color__hover_enabled=&#8221;off&#8221; button_one_border_color__hover_enabled=&#8221;off&#8221; button_two_border_color__hover_enabled=&#8221;off&#8221; button_border_radius__hover_enabled=&#8221;off&#8221; button_one_border_radius__hover_enabled=&#8221;off&#8221; button_two_border_radius__hover_enabled=&#8221;off&#8221; button_letter_spacing__hover_enabled=&#8221;off&#8221; button_one_letter_spacing__hover_enabled=&#8221;off&#8221; button_two_letter_spacing__hover_enabled=&#8221;off&#8221; button_bg_color__hover_enabled=&#8221;off&#8221; button_one_bg_color__hover_enabled=&#8221;off&#8221; button_two_bg_color__hover_enabled=&#8221;off&#8221;][\/et_pb_contact_field][\/et_pb_contact_form][et_pb_text _builder_version=&#8221;4.18.0&#8243; _module_preset=&#8221;default&#8221; text_font=&#8221;Cormorant Garamond|700|||||||&#8221; text_text_color=&#8221;#000000&#8243; header_3_font=&#8221;Cormorant Garamond|700|||||||&#8221; header_3_text_color=&#8221;#000000&#8243; header_3_font_size=&#8221;23px&#8221; global_colors_info=&#8221;{}&#8221;]<\/p>\n<h3 class=\"detailInfosListHeading\">Caract\u00e9ristiques g\u00e9n\u00e9rales<\/h3>\n<p>[\/et_pb_text][et_pb_text _builder_version=&#8221;4.18.0&#8243; _module_preset=&#8221;default&#8221; text_font=&#8221;Cormorant Garamond||||||||&#8221; text_text_color=&#8221;#000000&#8243; custom_margin=&#8221;-19px|||||&#8221; global_colors_info=&#8221;{}&#8221;]<\/p>\n<p>B\u00e2timent de 6 \u00e9tages \u00a0 \u00a0 Au 3\u00e8me \u00e9tage \u00a0 \u00a0 \u00a06 Pi\u00e8ces<\/p>\n<p>[\/et_pb_text][et_pb_text _builder_version=&#8221;4.18.0&#8243; _module_preset=&#8221;default&#8221; text_font=&#8221;Cormorant Garamond|700|||||||&#8221; text_text_color=&#8221;#000000&#8243; header_3_font=&#8221;Cormorant Garamond|700|||||||&#8221; header_3_text_color=&#8221;#000000&#8243; header_3_font_size=&#8221;23px&#8221; global_colors_info=&#8221;{}&#8221;]<\/p>\n<h3 class=\"detailInfosListHeading\">Am\u00e9nagement du bien<\/h3>\n<p>[\/et_pb_text][et_pb_text _builder_version=&#8221;4.18.0&#8243; _module_preset=&#8221;default&#8221; text_font=&#8221;Cormorant Garamond||||||||&#8221; text_text_color=&#8221;#000000&#8243; custom_margin=&#8221;-21px||-1px|||&#8221; global_colors_info=&#8221;{}&#8221;]<\/p>\n<p>Cave \u00a0 \u00a0 \u00a0 \u00a0 \u00a0 Salle de s\u00e9jour \u00a0 \u00a0 \u00a0 \u00a0 \u00a0Salle \u00e0 manger<\/p>\n<p>Entr\u00e9e \u00a0 \u00a0 \u00a0 4 Chambres \u00a0 \u00a0 \u00a0 \u00a0 \u00a0 \u00a0 \u00a02 Toilettes<\/p>\n<p>Au moins 1 toilette s\u00e9par\u00e9e \u00a0 \u00a0 Non meubl\u00e9 \u00a0 \u00a0Chauffage individuel gaz<\/p>\n<p>1 Salle d&#8217;eau \u00a0 \u00a01 Salle de bain<\/p>\n<p>[\/et_pb_text][et_pb_text _builder_version=&#8221;4.18.0&#8243; _module_preset=&#8221;default&#8221; text_font=&#8221;Cormorant Garamond||||||||&#8221; text_text_color=&#8221;#000000&#8243; header_3_font=&#8221;Cormorant Garamond|700|||||||&#8221; header_3_text_color=&#8221;#000000&#8243; header_3_font_size=&#8221;23px&#8221; custom_margin=&#8221;29px|||||&#8221; global_colors_info=&#8221;{}&#8221;]<\/p>\n<h3 class=\"detailInfosListHeading\">Acc\u00e8s<\/h3>\n<p>[\/et_pb_text][et_pb_text _builder_version=&#8221;4.18.0&#8243; _module_preset=&#8221;default&#8221; text_font=&#8221;Cormorant Garamond||||||||&#8221; text_text_color=&#8221;#000000&#8243; custom_margin=&#8221;-25px|||||&#8221; global_colors_info=&#8221;{}&#8221;]<\/p>\n<ul>\n<li>Interphone<\/li>\n<\/ul>\n<p>[\/et_pb_text][\/et_pb_column][\/et_pb_row][\/et_pb_section]<\/p>\n","protected":false},"excerpt":{"rendered":"<p>Appartement \u2022 Triangle d&#8217;Or, Paris 8\u00e8me6\u00a0Pi\u00e8ces\u00a0\u2022\u00a04\u00a0Chambres\u00a0\u2022\u00a0Surface de 176,53 m\u00b2PARIS VIII &#8211; TRIANGLE D&#8217;OR &#8211; RUE CLEMENT MAROT &#8211; 6 PI\u00c8CES 4 CHAMBRES &#8211; 3E ETAGE PARIS VIII &#8211; \u00c0 LOUER VIDE SUPERBE 6 PI\u00c8CES 173M\u00b2 4 CHAMBRES -RUE CL\u00c9MENT MAROT Nous vous proposons ce superbe appartement de 176m\u00b2 situ\u00e9 au 3\u00e8me \u00e9tage avec ascenseur, dans [&hellip;]<\/p>\n","protected":false},"author":1,"featured_media":0,"parent":0,"menu_order":0,"comment_status":"closed","ping_status":"closed","template":"","meta":{"_et_pb_use_builder":"on","_et_pb_old_content":"","_et_gb_content_width":"","footnotes":""},"class_list":["post-440","page","type-page","status-publish","hentry"],"_links":{"self":[{"href":"https:\/\/cabinetstie.com\/index.php\/wp-json\/wp\/v2\/pages\/440","targetHints":{"allow":["GET"]}}],"collection":[{"href":"https:\/\/cabinetstie.com\/index.php\/wp-json\/wp\/v2\/pages"}],"about":[{"href":"https:\/\/cabinetstie.com\/index.php\/wp-json\/wp\/v2\/types\/page"}],"author":[{"embeddable":true,"href":"https:\/\/cabinetstie.com\/index.php\/wp-json\/wp\/v2\/users\/1"}],"replies":[{"embeddable":true,"href":"https:\/\/cabinetstie.com\/index.php\/wp-json\/wp\/v2\/comments?post=440"}],"version-history":[{"count":12,"href":"https:\/\/cabinetstie.com\/index.php\/wp-json\/wp\/v2\/pages\/440\/revisions"}],"predecessor-version":[{"id":1320,"href":"https:\/\/cabinetstie.com\/index.php\/wp-json\/wp\/v2\/pages\/440\/revisions\/1320"}],"wp:attachment":[{"href":"https:\/\/cabinetstie.com\/index.php\/wp-json\/wp\/v2\/media?parent=440"}],"curies":[{"name":"wp","href":"https:\/\/api.w.org\/{rel}","templated":true}]}}