{"id":441,"date":"2024-01-09T16:40:37","date_gmt":"2024-01-09T15:40:37","guid":{"rendered":"https:\/\/cabinetstie.com\/?page_id=441"},"modified":"2024-04-04T12:18:37","modified_gmt":"2024-04-04T10:18:37","slug":"page-immobilier-3","status":"publish","type":"page","link":"https:\/\/cabinetstie.com\/index.php\/page-immobilier-3\/","title":{"rendered":"PAGE IMMOBILIER 3"},"content":{"rendered":"<p>[et_pb_section fb_built=&#8221;1&#8243; _builder_version=&#8221;4.18.0&#8243; _module_preset=&#8221;default&#8221; global_colors_info=&#8221;{}&#8221;][et_pb_row column_structure=&#8221;3_5,2_5&#8243; _builder_version=&#8221;4.18.0&#8243; _module_preset=&#8221;default&#8221; global_colors_info=&#8221;{}&#8221;][et_pb_column type=&#8221;3_5&#8243; _builder_version=&#8221;4.18.0&#8243; _module_preset=&#8221;default&#8221; global_colors_info=&#8221;{}&#8221;][et_pb_text _builder_version=&#8221;4.18.0&#8243; _module_preset=&#8221;default&#8221; text_font=&#8221;Cormorant Garamond|700|||||||&#8221; text_text_color=&#8221;#000000&#8243; text_font_size=&#8221;26px&#8221; custom_margin=&#8221;-1px|||||&#8221; global_colors_info=&#8221;{}&#8221;]<\/p>\n<p><span>Appartement \u2022 Triangle d&#8217;Or, Paris 8\u00e8me<\/span><\/p>\n<p>[\/et_pb_text][et_pb_text _builder_version=&#8221;4.18.0&#8243; _module_preset=&#8221;default&#8221; text_font=&#8221;Cormorant Garamond|700|||||||&#8221; text_text_color=&#8221;#000000&#8243; text_font_size=&#8221;26px&#8221; custom_margin=&#8221;-1px|||||&#8221; text_font_size_tablet=&#8221;26px&#8221; text_font_size_phone=&#8221;17px&#8221; text_font_size_last_edited=&#8221;on|phone&#8221; text_orientation_tablet=&#8221;&#8221; text_orientation_phone=&#8221;center&#8221; text_orientation_last_edited=&#8221;on|phone&#8221; global_colors_info=&#8221;{}&#8221;]<\/p>\n<p><span>4\u00a0<\/span><span>Pi\u00e8ces<\/span><span class=\"separator\">\u00a0\u2022\u00a0<\/span><span>2\u00a0<\/span><span>Chambres\u00a0<\/span><span class=\"separator\">\u2022\u00a0<\/span><span>Surface de 150 m\u00b2<\/span><\/p>\n<p>[\/et_pb_text][et_pb_gallery gallery_ids=&#8221;1262,1264,1263,1261,1260,1259,1258&#8243; fullwidth=&#8221;on&#8221; _builder_version=&#8221;4.18.0&#8243; _module_preset=&#8221;default&#8221; global_colors_info=&#8221;{}&#8221;][\/et_pb_gallery][et_pb_text _builder_version=&#8221;4.18.0&#8243; _module_preset=&#8221;default&#8221; text_font=&#8221;Cormorant Garamond||||||||&#8221; text_text_color=&#8221;#000000&#8243; text_font_size=&#8221;17px&#8221; global_colors_info=&#8221;{}&#8221;]<\/p>\n<p class=\"detailDescSummary\">Appartement meubl\u00e9 haut de gamme de 150m2, situ\u00e9 avenue Montaigne &#8211; quartier Champs Elys\u00e9es, \u00e0 deux pas de l&#8217;Avenue, dans un immeuble parisien de standing, au 6\u00e8me \u00e9tage avec ascenseur.<\/p>\n<p class=\"detailDescSummary\">Cet appartement comporte 1 salon, 1 bureau, 2 chambres, 1 cuisine s\u00e9par\u00e9e, 1 salle de bain et 1 salle de douche avec les vasques et la baignoire en marbre, des WC s\u00e9par\u00e9s, et 1 balcon filant avec une belle vue sur la Tour Eiffel.<\/p>\n<p class=\"detailDescSummary\">Climatisation dans le s\u00e9jour et la chambre principale. Il dispose en plus d&#8217;une pi\u00e8ce suppl\u00e9mentaire \u00e0 c\u00f4t\u00e9 de la cuisine dans laquelle se trouve une cabine de douche. Le chauffage dans cet appartement est individuel au gaz. Libre actuellement.<\/p>\n<p style=\"text-align: justify;\">[\/et_pb_text][\/et_pb_column][et_pb_column type=&#8221;2_5&#8243; _builder_version=&#8221;4.18.0&#8243; _module_preset=&#8221;default&#8221; global_colors_info=&#8221;{}&#8221;][et_pb_text _builder_version=&#8221;4.18.0&#8243; _module_preset=&#8221;default&#8221; text_font=&#8221;Cormorant Garamond|700|||||||&#8221; text_text_color=&#8221;#000000&#8243; text_font_size=&#8221;26px&#8221; text_orientation=&#8221;right&#8221; custom_margin=&#8221;-1px|||||&#8221; global_colors_info=&#8221;{}&#8221;]<\/p>\n<p><span>11 000 \u20ac<\/span><span>\/mois<\/span><sup>TTC CC<\/sup><\/p>\n<p>[\/et_pb_text][et_pb_contact_form captcha=&#8221;off&#8221; email=&#8221;stella.djorbaye@cabinetstie.com &#8221; _builder_version=&#8221;4.18.0&#8243; _module_preset=&#8221;default&#8221; _unique_id=&#8221;20312a5a-5e13-4728-81bf-5c46e0cc2bed&#8221; custom_button=&#8221;on&#8221; button_text_color=&#8221;#deb23f&#8221; global_colors_info=&#8221;{}&#8221;][et_pb_contact_field field_id=&#8221;Name&#8221; field_title=&#8221;Nom&#8221; _builder_version=&#8221;4.18.0&#8243; global_colors_info=&#8221;{}&#8221; button_text_size__hover_enabled=&#8221;off&#8221; button_one_text_size__hover_enabled=&#8221;off&#8221; button_two_text_size__hover_enabled=&#8221;off&#8221; button_text_color__hover_enabled=&#8221;off&#8221; button_one_text_color__hover_enabled=&#8221;off&#8221; button_two_text_color__hover_enabled=&#8221;off&#8221; button_border_width__hover_enabled=&#8221;off&#8221; button_one_border_width__hover_enabled=&#8221;off&#8221; button_two_border_width__hover_enabled=&#8221;off&#8221; button_border_color__hover_enabled=&#8221;off&#8221; button_one_border_color__hover_enabled=&#8221;off&#8221; button_two_border_color__hover_enabled=&#8221;off&#8221; button_border_radius__hover_enabled=&#8221;off&#8221; button_one_border_radius__hover_enabled=&#8221;off&#8221; button_two_border_radius__hover_enabled=&#8221;off&#8221; button_letter_spacing__hover_enabled=&#8221;off&#8221; button_one_letter_spacing__hover_enabled=&#8221;off&#8221; button_two_letter_spacing__hover_enabled=&#8221;off&#8221; button_bg_color__hover_enabled=&#8221;off&#8221; button_one_bg_color__hover_enabled=&#8221;off&#8221; button_two_bg_color__hover_enabled=&#8221;off&#8221;][\/et_pb_contact_field][et_pb_contact_field field_id=&#8221;Email&#8221; field_title=&#8221;Adresse e-mail&#8221; field_type=&#8221;email&#8221; _builder_version=&#8221;4.16&#8243; global_colors_info=&#8221;{}&#8221; button_text_size__hover_enabled=&#8221;off&#8221; button_one_text_size__hover_enabled=&#8221;off&#8221; button_two_text_size__hover_enabled=&#8221;off&#8221; button_text_color__hover_enabled=&#8221;off&#8221; button_one_text_color__hover_enabled=&#8221;off&#8221; button_two_text_color__hover_enabled=&#8221;off&#8221; button_border_width__hover_enabled=&#8221;off&#8221; button_one_border_width__hover_enabled=&#8221;off&#8221; button_two_border_width__hover_enabled=&#8221;off&#8221; button_border_color__hover_enabled=&#8221;off&#8221; button_one_border_color__hover_enabled=&#8221;off&#8221; button_two_border_color__hover_enabled=&#8221;off&#8221; button_border_radius__hover_enabled=&#8221;off&#8221; button_one_border_radius__hover_enabled=&#8221;off&#8221; button_two_border_radius__hover_enabled=&#8221;off&#8221; button_letter_spacing__hover_enabled=&#8221;off&#8221; button_one_letter_spacing__hover_enabled=&#8221;off&#8221; button_two_letter_spacing__hover_enabled=&#8221;off&#8221; button_bg_color__hover_enabled=&#8221;off&#8221; button_one_bg_color__hover_enabled=&#8221;off&#8221; button_two_bg_color__hover_enabled=&#8221;off&#8221;][\/et_pb_contact_field][et_pb_contact_field field_id=&#8221;Num\u00e9ro&#8221; field_title=&#8221;Num\u00e9ro&#8221; fullwidth_field=&#8221;on&#8221; _builder_version=&#8221;4.18.0&#8243; _module_preset=&#8221;default&#8221; global_colors_info=&#8221;{}&#8221;][\/et_pb_contact_field][et_pb_contact_field field_id=&#8221;Message&#8221; field_title=&#8221;Message&#8221; field_type=&#8221;text&#8221; fullwidth_field=&#8221;on&#8221; _builder_version=&#8221;4.16&#8243; global_colors_info=&#8221;{}&#8221; button_text_size__hover_enabled=&#8221;off&#8221; button_one_text_size__hover_enabled=&#8221;off&#8221; button_two_text_size__hover_enabled=&#8221;off&#8221; button_text_color__hover_enabled=&#8221;off&#8221; button_one_text_color__hover_enabled=&#8221;off&#8221; button_two_text_color__hover_enabled=&#8221;off&#8221; button_border_width__hover_enabled=&#8221;off&#8221; button_one_border_width__hover_enabled=&#8221;off&#8221; button_two_border_width__hover_enabled=&#8221;off&#8221; button_border_color__hover_enabled=&#8221;off&#8221; button_one_border_color__hover_enabled=&#8221;off&#8221; button_two_border_color__hover_enabled=&#8221;off&#8221; button_border_radius__hover_enabled=&#8221;off&#8221; button_one_border_radius__hover_enabled=&#8221;off&#8221; button_two_border_radius__hover_enabled=&#8221;off&#8221; button_letter_spacing__hover_enabled=&#8221;off&#8221; button_one_letter_spacing__hover_enabled=&#8221;off&#8221; button_two_letter_spacing__hover_enabled=&#8221;off&#8221; button_bg_color__hover_enabled=&#8221;off&#8221; button_one_bg_color__hover_enabled=&#8221;off&#8221; button_two_bg_color__hover_enabled=&#8221;off&#8221;][\/et_pb_contact_field][\/et_pb_contact_form][et_pb_text _builder_version=&#8221;4.18.0&#8243; _module_preset=&#8221;default&#8221; text_font=&#8221;Cormorant Garamond||||||||&#8221; text_text_color=&#8221;#000000&#8243; header_3_font=&#8221;Cormorant Garamond|700|||||||&#8221; header_3_text_color=&#8221;#000000&#8243; header_3_font_size=&#8221;23px&#8221; custom_margin=&#8221;||15px|||&#8221; global_colors_info=&#8221;{}&#8221;]<\/p>\n<h3 class=\"detailInfosListHeading\">Caract\u00e9ristiques g\u00e9n\u00e9rales<\/h3>\n<p>[\/et_pb_text][et_pb_text _builder_version=&#8221;4.18.0&#8243; _module_preset=&#8221;default&#8221; text_font=&#8221;Cormorant Garamond||||||||&#8221; text_text_color=&#8221;#000000&#8243; custom_margin=&#8221;-11px|||||&#8221; global_colors_info=&#8221;{}&#8221;]<\/p>\n<p>Situation ville \u00a0 \u00a0 Calme \u00a0 \u00a0 \u00a0Ann\u00e9e de construction 1890<\/p>\n<p>Au 6\u00e8me \u00e9tage \u00a0 \u00a0 \u00a0 4 Pi\u00e8ces \u00a0 \u00a0 \u00a0 \u00a0Refait \u00e0 neuf<\/p>\n<p>[\/et_pb_text][et_pb_text _builder_version=&#8221;4.18.0&#8243; _module_preset=&#8221;default&#8221; text_font=&#8221;Cormorant Garamond||||||||&#8221; text_text_color=&#8221;#000000&#8243; header_3_font=&#8221;Cormorant Garamond|700|||||||&#8221; header_3_text_color=&#8221;#000000&#8243; header_3_font_size=&#8221;23px&#8221; custom_margin=&#8221;||25px|||&#8221; global_colors_info=&#8221;{}&#8221;]<\/p>\n<h3 class=\"detailInfosListHeading\">Am\u00e9nagement du bien<\/h3>\n<p>[\/et_pb_text][et_pb_text _builder_version=&#8221;4.18.0&#8243; _module_preset=&#8221;default&#8221; text_font=&#8221;Cormorant Garamond||||||||&#8221; text_text_color=&#8221;#000000&#8243; custom_margin=&#8221;-15px|||||&#8221; global_colors_info=&#8221;{}&#8221;]<\/p>\n<p>1 Balcon \u00a0 \u00a0 \u00a0 \u00a0 \u00a0 \u00a0Salle de s\u00e9jour \u00a0 \u00a0 \u00a0 \u00a0 \u00a0 \u00a02 Chambres<\/p>\n<p>3 Toilettes \u00a0 \u00a0 \u00a0 \u00a0 Meubl\u00e9 \u00a0 \u00a0 \u00a0 \u00a02 Salles de bain<\/p>\n<p>[\/et_pb_text][et_pb_text _builder_version=&#8221;4.18.0&#8243; _module_preset=&#8221;default&#8221; text_font=&#8221;Cormorant Garamond||||||||&#8221; text_text_color=&#8221;#000000&#8243; header_3_font=&#8221;Cormorant Garamond|700|||||||&#8221; header_3_text_color=&#8221;#000000&#8243; header_3_font_size=&#8221;23px&#8221; custom_margin=&#8221;||25px|||&#8221; global_colors_info=&#8221;{}&#8221;]<\/p>\n<h3 class=\"detailInfosListHeading\">\u00c0 propos du prix<\/h3>\n<p>[\/et_pb_text][et_pb_text _builder_version=&#8221;4.18.0&#8243; _module_preset=&#8221;default&#8221; text_font=&#8221;Cormorant Garamond||||||||&#8221; text_text_color=&#8221;#000000&#8243; global_colors_info=&#8221;{}&#8221;]<\/p>\n<p class=\"titleSmall\"><span class=\"titlePrice\">Loyer charges comprises \u00a0 \u00a0 \u00a0 \u00a0 \u00a0 \u00a0 \u00a0 <span class=\"price\">11\u00a0000 \u20ac\/mois<\/span><\/span><span class=\"include\">Dont<br \/><\/span><span class=\"wordingPrice\">Loyer de base (hors charge) \u00a0 \u00a0 \u00a0 \u00a0 <span class=\"price\">10\u00a0680 \u20ac<br \/><\/span><\/span><span class=\"wordingPrice\">Compl\u00e9ment de loyer \u00a0 \u00a0 <span class=\"price\">NC<br \/><\/span><\/span><span class=\"wordingPrice\">Charges forfaitaires \u00a0 \u00a0 \u00a0 <span class=\"price\">320 \u20ac<br \/><\/span><\/span><span class=\"titlePrice\">Honoraires TTC \u00e0 la charge du locataire \u00a0 \u00a0 \u00a0 \u00a0 \u00a0 <span class=\"price\">1\u00a0808 \u20ac<br \/><\/span><\/span><span class=\"include\">Dont<\/span><span class=\"wordingPrice\">Etat des lieux \u00a0 \u00a0 \u00a0 \u00a0 <span class=\"price\">NC<br \/><\/span><\/span><span class=\"wordingPrice\">D\u00e9p\u00f4t de garantie \u00a0 \u00a0 \u00a0 \u00a0 \u00a0<span class=\"price\">21 360 \u20ac<\/span><\/span><\/p>\n<p>[\/et_pb_text][\/et_pb_column][\/et_pb_row][\/et_pb_section]<\/p>\n","protected":false},"excerpt":{"rendered":"<p>Appartement \u2022 Triangle d&#8217;Or, Paris 8\u00e8me4\u00a0Pi\u00e8ces\u00a0\u2022\u00a02\u00a0Chambres\u00a0\u2022\u00a0Surface de 150 m\u00b2Appartement meubl\u00e9 haut de gamme de 150m2, situ\u00e9 avenue Montaigne &#8211; quartier Champs Elys\u00e9es, \u00e0 deux pas de l&#8217;Avenue, dans un immeuble parisien de standing, au 6\u00e8me \u00e9tage avec ascenseur. Cet appartement comporte 1 salon, 1 bureau, 2 chambres, 1 cuisine s\u00e9par\u00e9e, 1 salle de bain et [&hellip;]<\/p>\n","protected":false},"author":1,"featured_media":0,"parent":0,"menu_order":0,"comment_status":"closed","ping_status":"closed","template":"","meta":{"_et_pb_use_builder":"on","_et_pb_old_content":"","_et_gb_content_width":"","footnotes":""},"class_list":["post-441","page","type-page","status-publish","hentry"],"_links":{"self":[{"href":"https:\/\/cabinetstie.com\/index.php\/wp-json\/wp\/v2\/pages\/441","targetHints":{"allow":["GET"]}}],"collection":[{"href":"https:\/\/cabinetstie.com\/index.php\/wp-json\/wp\/v2\/pages"}],"about":[{"href":"https:\/\/cabinetstie.com\/index.php\/wp-json\/wp\/v2\/types\/page"}],"author":[{"embeddable":true,"href":"https:\/\/cabinetstie.com\/index.php\/wp-json\/wp\/v2\/users\/1"}],"replies":[{"embeddable":true,"href":"https:\/\/cabinetstie.com\/index.php\/wp-json\/wp\/v2\/comments?post=441"}],"version-history":[{"count":19,"href":"https:\/\/cabinetstie.com\/index.php\/wp-json\/wp\/v2\/pages\/441\/revisions"}],"predecessor-version":[{"id":1319,"href":"https:\/\/cabinetstie.com\/index.php\/wp-json\/wp\/v2\/pages\/441\/revisions\/1319"}],"wp:attachment":[{"href":"https:\/\/cabinetstie.com\/index.php\/wp-json\/wp\/v2\/media?parent=441"}],"curies":[{"name":"wp","href":"https:\/\/api.w.org\/{rel}","templated":true}]}}